{"id":10211,"date":"2024-05-26T20:27:08","date_gmt":"2024-05-26T17:27:08","guid":{"rendered":"https:\/\/www.upap-papu.africa\/?page_id=10211"},"modified":"2024-05-26T20:27:08","modified_gmt":"2024-05-26T17:27:08","slug":"administrative-council","status":"publish","type":"page","link":"https:\/\/www.upap-papu.post\/fr\/administrative-council\/","title":{"rendered":"ADMINISTRATIVE COUNCIL"},"content":{"rendered":"<p>\t\t\t\t<\/p>\n<p style=\"font-weight: 400;\"><strong>Le Conseil d&rsquo;Administration<\/strong><\/p>\n<p style=\"font-weight: 400;\">Il si\u00e8ge chaque et adopte le programme annuel de l&rsquo;UPAP.<\/p>\n<p><strong>LISTE DES ETATS MEMBRES DU CONSEIL D&rsquo;ADMINISTRATION PAR REGION<\/strong><\/p>\n<table class=\"style-1\">\n<tbody>\n<tr>\n<th style=\"text-align: left;\">:: <strong>AFRIQUE CENTRALE (4)<\/strong><\/th>\n<th style=\"text-align: left;\">\n<p style=\"text-align: left;\"><strong>:: AFRIQUE DU NORD (3)<\/strong><\/p>\n<\/th>\n<th style=\"text-align: left;\">::\u00a0<strong>AFRIQUE DE L\u2019OUEST (7)<\/strong><\/th>\n<th style=\"text-align: left;\">::<strong>AFRIQUE DE L\u2019EST (5)<\/strong><\/th>\n<th style=\"text-align: left;\">\n<p style=\"text-align: left;\"><strong>:: AFRIQUE AUSTRALE (6)<\/strong><\/p>\n<\/th>\n<th style=\"text-align: left;\">::<strong>SIEGES VACANTS (2)<\/strong><\/th>\n<\/tr>\n<tr>\n<td>\n<ol>\n<li style=\"text-align: left;\">Burundi<\/li>\n<li style=\"text-align: left;\">Cameroun<\/li>\n<li style=\"text-align: left;\">R\u00e9publique D\u00e9mocratique du Congo<\/li>\n<li style=\"text-align: left;\">Si\u00e8ges vacants (1)<\/li>\n<\/ol>\n<\/td>\n<td style=\"text-align: left;\">\n<ol>\n<li>Alg\u00e9rie<\/li>\n<li>Maroc<\/li>\n<li>Tunisie<\/li>\n<\/ol>\n<\/td>\n<td style=\"text-align: left;\">\n<ol>\n<li>B\u00e9nin<\/li>\n<li>Burkina Faso<\/li>\n<li>C\u00f4te d\u2019Ivoire<\/li>\n<li>Niger<\/li>\n<li>Nigeria<\/li>\n<li>S\u00e9n\u00e9gal<\/li>\n<li>Si\u00e8ge vacant (1)<\/li>\n<\/ol>\n<\/td>\n<td style=\"text-align: left;\">\n<ol>\n<li>Ethiopie<\/li>\n<li>Kenya<\/li>\n<li>Madagascar<\/li>\n<li>Soudan<\/li>\n<li>Tanzanie<\/li>\n<\/ol>\n<\/td>\n<td style=\"text-align: left;\">\n<ol>\n<li>Botswana<\/li>\n<li>Eswatini<\/li>\n<li>Malawi<\/li>\n<li>Namibia<\/li>\n<li>Zambie<\/li>\n<li>Zimbabwe<\/li>\n<\/ol>\n<\/td>\n<td>\n<ol>\n<li style=\"text-align: left;\">Afrique Centrale &#8211; 1<\/li>\n<li style=\"text-align: left;\">Afrique de l\u2019Est &#8211; N\u00e9ant<\/li>\n<li style=\"text-align: left;\">Afrique du Nord &#8211; N\u00e9ant<\/li>\n<li style=\"text-align: left;\">Afrique Australe &#8211; N\u00e9ant<\/li>\n<li style=\"text-align: left;\">Afrique de l\u2019Ouest &#8211; 1<\/li>\n<\/ol>\n<\/td>\n<\/tr>\n<\/tbody>\n<\/table>\n<p>\t\t<\/p>","protected":false},"excerpt":{"rendered":"<p>Le Conseil d&rsquo;Administration Il si\u00e8ge chaque et adopte le programme annuel de l&rsquo;UPAP. LISTE DES ETATS MEMBRES DU CONSEIL D&rsquo;ADMINISTRATION PAR REGION :: AFRIQUE CENTRALE (4) :: AFRIQUE DU NORD (3) ::\u00a0AFRIQUE DE L\u2019OUEST (7) ::AFRIQUE DE L\u2019EST (5) :: AFRIQUE AUSTRALE (6) ::SIEGES VACANTS (2) Burundi Cameroun R\u00e9publique D\u00e9mocratique du Congo Si\u00e8ges vacants (1)&#8230; <\/p>\n<div class=\"clear\"><\/div>\n<p><a href=\"https:\/\/www.upap-papu.post\/fr\/administrative-council\/\" class=\"excerpt-read-more\">Read More<\/a><\/p>\n","protected":false},"author":4,"featured_media":0,"parent":0,"menu_order":0,"comment_status":"closed","ping_status":"closed","template":"","meta":{"footnotes":""},"class_list":["post-10211","page","type-page","status-publish","hentry"],"_links":{"self":[{"href":"https:\/\/www.upap-papu.post\/fr\/wp-json\/wp\/v2\/pages\/10211"}],"collection":[{"href":"https:\/\/www.upap-papu.post\/fr\/wp-json\/wp\/v2\/pages"}],"about":[{"href":"https:\/\/www.upap-papu.post\/fr\/wp-json\/wp\/v2\/types\/page"}],"author":[{"embeddable":true,"href":"https:\/\/www.upap-papu.post\/fr\/wp-json\/wp\/v2\/users\/4"}],"replies":[{"embeddable":true,"href":"https:\/\/www.upap-papu.post\/fr\/wp-json\/wp\/v2\/comments?post=10211"}],"version-history":[{"count":0,"href":"https:\/\/www.upap-papu.post\/fr\/wp-json\/wp\/v2\/pages\/10211\/revisions"}],"wp:attachment":[{"href":"https:\/\/www.upap-papu.post\/fr\/wp-json\/wp\/v2\/media?parent=10211"}],"curies":[{"name":"wp","href":"https:\/\/api.w.org\/{rel}","templated":true}]}}