{"id":10545,"date":"2018-06-01T07:07:18","date_gmt":"2018-06-01T07:07:18","guid":{"rendered":"http:\/\/www.sfgtechnology.com\/papu\/?page_id=4573"},"modified":"2018-06-01T07:07:18","modified_gmt":"2018-06-01T07:07:18","slug":"history","status":"publish","type":"page","link":"https:\/\/www.upap-papu.post\/fr\/the-union-2\/history\/","title":{"rendered":"History"},"content":{"rendered":"<p>\t\t\t\t<\/p>\n<p class=\"Default\" style=\"text-align: justify; text-justify: inter-ideograph;\"><span lang=\"FR\" style=\"font-size: 14.0pt; font-family: 'Arial Narrow','sans-serif';\">L\u2019Union panafricaine des postes (UPAP), institution sp\u00e9cialis\u00e9e de l\u2019Union africaine (UA) a \u00e9t\u00e9 cr\u00e9\u00e9e en 1980 suite \u00e0 une d\u00e9cision de la Conf\u00e9rence des pl\u00e9nipotentiaires r\u00e9unissant 35 pays membres de l\u2019OUA du 8 au 18 janvier 1980, \u00e0 Arusha en R\u00e9publique Unie de Tanzanie. Avec son si\u00e8ge \u00e0 Arusha, l\u2019UPAP qui comptait 35 Etats membres \u00e0 sa cr\u00e9ation compte pr\u00e9sentement 45 Etats membres. Le but vis\u00e9 par la cr\u00e9ation de l\u2019Union est la coordination des activit\u00e9s de d\u00e9veloppement des services postaux en Afrique. <\/span><\/p>\n<p>\t\t<\/p>","protected":false},"excerpt":{"rendered":"<p>L\u2019Union panafricaine des postes (UPAP), institution sp\u00e9cialis\u00e9e de l\u2019Union africaine (UA) a \u00e9t\u00e9 cr\u00e9\u00e9e en 1980 suite \u00e0 une d\u00e9cision de la Conf\u00e9rence des pl\u00e9nipotentiaires r\u00e9unissant 35 pays membres de l\u2019OUA du 8 au 18 janvier 1980, \u00e0 Arusha en R\u00e9publique Unie de Tanzanie. Avec son si\u00e8ge \u00e0 Arusha, l\u2019UPAP qui comptait 35 Etats membres&#8230; <\/p>\n<div class=\"clear\"><\/div>\n<p><a href=\"https:\/\/www.upap-papu.post\/fr\/the-union-2\/history\/\" class=\"excerpt-read-more\">Read More<\/a><\/p>\n","protected":false},"author":4,"featured_media":0,"parent":10539,"menu_order":0,"comment_status":"closed","ping_status":"closed","template":"","meta":{"footnotes":""},"class_list":["post-10545","page","type-page","status-publish","hentry"],"_links":{"self":[{"href":"https:\/\/www.upap-papu.post\/fr\/wp-json\/wp\/v2\/pages\/10545"}],"collection":[{"href":"https:\/\/www.upap-papu.post\/fr\/wp-json\/wp\/v2\/pages"}],"about":[{"href":"https:\/\/www.upap-papu.post\/fr\/wp-json\/wp\/v2\/types\/page"}],"author":[{"embeddable":true,"href":"https:\/\/www.upap-papu.post\/fr\/wp-json\/wp\/v2\/users\/4"}],"replies":[{"embeddable":true,"href":"https:\/\/www.upap-papu.post\/fr\/wp-json\/wp\/v2\/comments?post=10545"}],"version-history":[{"count":0,"href":"https:\/\/www.upap-papu.post\/fr\/wp-json\/wp\/v2\/pages\/10545\/revisions"}],"up":[{"embeddable":true,"href":"https:\/\/www.upap-papu.post\/fr\/wp-json\/wp\/v2\/pages\/10539"}],"wp:attachment":[{"href":"https:\/\/www.upap-papu.post\/fr\/wp-json\/wp\/v2\/media?parent=10545"}],"curies":[{"name":"wp","href":"https:\/\/api.w.org\/{rel}","templated":true}]}}