{"id":10546,"date":"2018-06-01T07:09:00","date_gmt":"2018-06-01T07:09:00","guid":{"rendered":"http:\/\/www.sfgtechnology.com\/papu\/?page_id=4576"},"modified":"2018-06-01T07:09:00","modified_gmt":"2018-06-01T07:09:00","slug":"mission-and-vision","status":"publish","type":"page","link":"https:\/\/www.upap-papu.post\/fr\/the-union-2\/mission-and-vision\/","title":{"rendered":"Mission and Vision"},"content":{"rendered":"<p>\t\t\t\t<strong>La Vision\u00a0<\/strong><\/p>\n<p>\u00catre le r\u00e9seau postal unique de l&rsquo;Afrique assurant une liaison fiable et efficace entre citoyens africains et march\u00e9s nationaux et internationaux, gr\u00e2ce \u00e0 des produits et services postaux physiques et num\u00e9riques de haute qualit\u00e9.<\/p>\n<p><strong>Mission<\/strong><br \/>\nPiloter le d\u00e9veloppement du secteur postal en Afrique et promouvoir la coop\u00e9ration entre les acteurs, notamment en vue favorisant des r\u00e9formes du dispositif physique, \u00e9lectronique\u00a0et\u00a0financier.<\/p>\n<p><strong>Objectifs de l\u2019Union<\/strong><\/p>\n<ol>\n<li>promouvoir la coop\u00e9ration au d\u00e9veloppement entre les \u00c9tats membres dans le domaine des services postaux ;<\/li>\n<li>promouvoir et faciliter l\u2019acc\u00e8s \u00e0 des services postaux universels de qualit\u00e9 ;<\/li>\n<li>promouvoir et faciliter la r\u00e9forme du secteur postal ;<\/li>\n<li>promouvoir et faciliter l\u2019assistance technique dans le secteur postal ;<\/li>\n<li>promouvoir et d\u00e9fendre les positions communes des \u00c9tats membres sur des questions postales ;<\/li>\n<li>promouvoir la recherche et le d\u00e9veloppement dans le secteur postal ;<\/li>\n<li>promouvoir des projets r\u00e9gionaux de d\u00e9veloppement du r\u00e9seau postal africain ;<\/li>\n<li>favoriser le d\u00e9veloppement des nouveaux produits et services ;<\/li>\n<li>promouvoir le d\u00e9veloppement durable du secteur postal ;<\/li>\n<li>promouvoir l&rsquo;action positive en faveur des groupes d\u00e9favoris\u00e9s dans le d\u00e9veloppement du secteur postal.<\/li>\n<\/ol>\n<p>&nbsp;\t\t<\/p>","protected":false},"excerpt":{"rendered":"<p>La Vision\u00a0 \u00catre le r\u00e9seau postal unique de l&rsquo;Afrique assurant une liaison fiable et efficace entre citoyens africains et march\u00e9s nationaux et internationaux, gr\u00e2ce \u00e0 des produits et services postaux physiques et num\u00e9riques de haute qualit\u00e9. Mission Piloter le d\u00e9veloppement du secteur postal en Afrique et promouvoir la coop\u00e9ration entre les acteurs, notamment en vue&#8230; <\/p>\n<div class=\"clear\"><\/div>\n<p><a href=\"https:\/\/www.upap-papu.post\/fr\/the-union-2\/mission-and-vision\/\" class=\"excerpt-read-more\">Read More<\/a><\/p>\n","protected":false},"author":4,"featured_media":0,"parent":10539,"menu_order":0,"comment_status":"closed","ping_status":"closed","template":"","meta":{"footnotes":""},"class_list":["post-10546","page","type-page","status-publish","hentry"],"_links":{"self":[{"href":"https:\/\/www.upap-papu.post\/fr\/wp-json\/wp\/v2\/pages\/10546"}],"collection":[{"href":"https:\/\/www.upap-papu.post\/fr\/wp-json\/wp\/v2\/pages"}],"about":[{"href":"https:\/\/www.upap-papu.post\/fr\/wp-json\/wp\/v2\/types\/page"}],"author":[{"embeddable":true,"href":"https:\/\/www.upap-papu.post\/fr\/wp-json\/wp\/v2\/users\/4"}],"replies":[{"embeddable":true,"href":"https:\/\/www.upap-papu.post\/fr\/wp-json\/wp\/v2\/comments?post=10546"}],"version-history":[{"count":0,"href":"https:\/\/www.upap-papu.post\/fr\/wp-json\/wp\/v2\/pages\/10546\/revisions"}],"up":[{"embeddable":true,"href":"https:\/\/www.upap-papu.post\/fr\/wp-json\/wp\/v2\/pages\/10539"}],"wp:attachment":[{"href":"https:\/\/www.upap-papu.post\/fr\/wp-json\/wp\/v2\/media?parent=10546"}],"curies":[{"name":"wp","href":"https:\/\/api.w.org\/{rel}","templated":true}]}}