{"id":10548,"date":"2018-08-18T08:13:38","date_gmt":"2018-08-18T08:13:38","guid":{"rendered":"http:\/\/www.sfgtechnology.com\/papu\/?page_id=5004"},"modified":"2018-08-18T08:13:38","modified_gmt":"2018-08-18T08:13:38","slug":"plenipotentiary-conference","status":"publish","type":"page","link":"https:\/\/www.upap-papu.post\/fr\/the-union-2\/plenipotentiary-conference\/","title":{"rendered":"Plenipotentiary Conference"},"content":{"rendered":"<p>\t\t\t\t<\/p>\n<p style=\"font-weight: 400;\"><strong>Conf\u00e9rence pl\u00e9nipotentiare\u00a0<\/strong><\/p>\n<p style=\"font-weight: 400;\">Elle est compos\u00e9e de l&rsquo;ensemble des Ministres en charge des Postes\/Communication et TIC. Elle se r\u00e9unit tous les quatre ans et \u00e9lit le Secr\u00e9taire g\u00e9n\u00e9ral et le Secr\u00e9taire g\u00e9n\u00e9ral ainsi que les membres du Conseil d&rsquo;Administration.<\/p>\n<p>&nbsp;\t\t<\/p>","protected":false},"excerpt":{"rendered":"<p>Conf\u00e9rence pl\u00e9nipotentiare\u00a0 Elle est compos\u00e9e de l&rsquo;ensemble des Ministres en charge des Postes\/Communication et TIC. Elle se r\u00e9unit tous les quatre ans et \u00e9lit le Secr\u00e9taire g\u00e9n\u00e9ral et le Secr\u00e9taire g\u00e9n\u00e9ral ainsi que les membres du Conseil d&rsquo;Administration. &nbsp;<\/p>\n","protected":false},"author":4,"featured_media":0,"parent":10539,"menu_order":0,"comment_status":"closed","ping_status":"closed","template":"","meta":{"footnotes":""},"class_list":["post-10548","page","type-page","status-publish","hentry"],"_links":{"self":[{"href":"https:\/\/www.upap-papu.post\/fr\/wp-json\/wp\/v2\/pages\/10548"}],"collection":[{"href":"https:\/\/www.upap-papu.post\/fr\/wp-json\/wp\/v2\/pages"}],"about":[{"href":"https:\/\/www.upap-papu.post\/fr\/wp-json\/wp\/v2\/types\/page"}],"author":[{"embeddable":true,"href":"https:\/\/www.upap-papu.post\/fr\/wp-json\/wp\/v2\/users\/4"}],"replies":[{"embeddable":true,"href":"https:\/\/www.upap-papu.post\/fr\/wp-json\/wp\/v2\/comments?post=10548"}],"version-history":[{"count":0,"href":"https:\/\/www.upap-papu.post\/fr\/wp-json\/wp\/v2\/pages\/10548\/revisions"}],"up":[{"embeddable":true,"href":"https:\/\/www.upap-papu.post\/fr\/wp-json\/wp\/v2\/pages\/10539"}],"wp:attachment":[{"href":"https:\/\/www.upap-papu.post\/fr\/wp-json\/wp\/v2\/media?parent=10548"}],"curies":[{"name":"wp","href":"https:\/\/api.w.org\/{rel}","templated":true}]}}