{"id":10549,"date":"2018-11-14T08:08:21","date_gmt":"2018-11-14T08:08:21","guid":{"rendered":"http:\/\/www.sfgtechnology.com\/papu\/?page_id=5208"},"modified":"2018-11-14T08:08:21","modified_gmt":"2018-11-14T08:08:21","slug":"the-assistant-secretary-general","status":"publish","type":"page","link":"https:\/\/www.upap-papu.post\/fr\/the-general-secretariat-2\/the-assistant-secretary-general\/","title":{"rendered":"The Assistant Secretary General"},"content":{"rendered":"<p>\t\t\t\t<img loading=\"lazy\" decoding=\"async\" class=\"size-medium wp-image-6903 aligncenter\" src=\"https:\/\/www.upap-papu.africa\/wp-content\/uploads\/2021\/09\/Jessicas-Photo-300x200.jpg\" alt=\"\" width=\"300\" height=\"200\" srcset=\"https:\/\/www.upap-papu.post\/wp-content\/uploads\/2021\/09\/Jessicas-Photo-300x200.jpg 300w, https:\/\/www.upap-papu.post\/wp-content\/uploads\/2021\/09\/Jessicas-Photo-768x512.jpg 768w, https:\/\/www.upap-papu.post\/wp-content\/uploads\/2021\/09\/Jessicas-Photo-1024x683.jpg 1024w, https:\/\/www.upap-papu.post\/wp-content\/uploads\/2021\/09\/Jessicas-Photo-600x400.jpg 600w\" sizes=\"(max-width: 300px) 100vw, 300px\" \/><\/p>\n<p>Jessica Hope Ssengooba est la secr\u00e9taire g\u00e9n\u00e9rale adjointe (SGA) de l&rsquo;Union panafricaine des postes (UPAP), poste qu&rsquo;elle occupe depuis le 1er septembre 2021. Elle jouit d\u2019un professionnalisme av\u00e9r\u00e9 \u00e0 la fois aux plans international et diplomatique avec 22 ans d&rsquo;exp\u00e9rience \u00e0 des postes de haut niveau de leadership et de direction tant chez l\u2019op\u00e9rateur d\u00e9sign\u00e9 national en Ouganda qu\u2019aux niveaux r\u00e9gional et international.<\/p>\n<p>La Secr\u00e9taire g\u00e9n\u00e9rale adjointe a consid\u00e9rablement contribu\u00e9 aux initiatives et pr\u00e9occupations critiques du secteur postal impliquant le Secr\u00e9tariat g\u00e9n\u00e9ral de l\u2019UPAP et les \u00c9tats membres.<\/p>\n<p>Elle a \u00e9norm\u00e9ment contribu\u00e9 aux d\u00e9cisions de haut niveau de l\u2019UPAP et aux initiatives connexes du secteur postal en raison de ses qualit\u00e9s de leadership visionnaire, de son engagement de ses comp\u00e9tences techniques et de son exp\u00e9rience pertinente tr\u00e8s pr\u00e9cieuse.<\/p>\n<p>La pertinence de son exp\u00e9rience est pr\u00e9cieuse. Jessica Hope Ssengooba est donc d\u00e9j\u00e0 au courant des opportunit\u00e9s strat\u00e9giques et des d\u00e9fis de l\u2019Union dans l&rsquo;ex\u00e9cution des dispositions de la convention de l\u2019UPAP. Elle poss\u00e8de de solides comp\u00e9tences techniques et de gouvernance en raison de sa vaste exp\u00e9rience dans les postes de direction et dans les fora de haut niveau du\u00a0secteur\u00a0postal.<\/p>\n<p>La SGA est consciente des pr\u00e9occupations des pays en d\u00e9veloppement, qui sont en fait leur besoin de services postaux pour soutenir l&rsquo;Agenda 2063 de l\u2019UA et l&rsquo;Agenda de d\u00e9veloppement durable des Nations Unies \u00e0 l\u2019horizon 2030.\t\t<\/p>","protected":false},"excerpt":{"rendered":"<p>Jessica Hope Ssengooba est la secr\u00e9taire g\u00e9n\u00e9rale adjointe (SGA) de l&rsquo;Union panafricaine des postes (UPAP), poste qu&rsquo;elle occupe depuis le 1er septembre 2021. Elle jouit d\u2019un professionnalisme av\u00e9r\u00e9 \u00e0 la fois aux plans international et diplomatique avec 22 ans d&rsquo;exp\u00e9rience \u00e0 des postes de haut niveau de leadership et de direction tant chez l\u2019op\u00e9rateur d\u00e9sign\u00e9&#8230; <\/p>\n<div class=\"clear\"><\/div>\n<p><a href=\"https:\/\/www.upap-papu.post\/fr\/the-general-secretariat-2\/the-assistant-secretary-general\/\" class=\"excerpt-read-more\">Read More<\/a><\/p>\n","protected":false},"author":4,"featured_media":0,"parent":10550,"menu_order":0,"comment_status":"closed","ping_status":"closed","template":"","meta":{"footnotes":""},"class_list":["post-10549","page","type-page","status-publish","hentry"],"_links":{"self":[{"href":"https:\/\/www.upap-papu.post\/fr\/wp-json\/wp\/v2\/pages\/10549"}],"collection":[{"href":"https:\/\/www.upap-papu.post\/fr\/wp-json\/wp\/v2\/pages"}],"about":[{"href":"https:\/\/www.upap-papu.post\/fr\/wp-json\/wp\/v2\/types\/page"}],"author":[{"embeddable":true,"href":"https:\/\/www.upap-papu.post\/fr\/wp-json\/wp\/v2\/users\/4"}],"replies":[{"embeddable":true,"href":"https:\/\/www.upap-papu.post\/fr\/wp-json\/wp\/v2\/comments?post=10549"}],"version-history":[{"count":0,"href":"https:\/\/www.upap-papu.post\/fr\/wp-json\/wp\/v2\/pages\/10549\/revisions"}],"up":[{"embeddable":true,"href":"https:\/\/www.upap-papu.post\/fr\/wp-json\/wp\/v2\/pages\/10550"}],"wp:attachment":[{"href":"https:\/\/www.upap-papu.post\/fr\/wp-json\/wp\/v2\/media?parent=10549"}],"curies":[{"name":"wp","href":"https:\/\/api.w.org\/{rel}","templated":true}]}}