{"id":10838,"date":"2024-10-03T16:33:41","date_gmt":"2024-10-03T13:33:41","guid":{"rendered":"https:\/\/www.upap-papu.post\/?page_id=10838"},"modified":"2024-10-09T21:41:30","modified_gmt":"2024-10-09T18:41:30","slug":"world-post-day-2024","status":"publish","type":"page","link":"https:\/\/www.upap-papu.post\/fr\/world-post-day-2024\/","title":{"rendered":"JOURN\u00c9E MONDIALE DE LA POSTE &#8211; 2024"},"content":{"rendered":"<p><\/p>\n<h2 style=\"text-align: center;\">MESSAGE DE L\u2019UPAP A L\u2019OCCASION DE LA JOURNEE MONDIALE DE LA POSTE<br \/>\n&#8212;&#8212;&#8212;&#8212;&#8212;&#8212;&#8212;&#8212;&#8212;&#8212;&#8212;&#8212;&#8212;&#8212;&#8212;&#8212;&#8212;&#8212;&#8212;-<br \/>\n9 OCTOBRE 2024<\/h2>\n<p id=\"tw-target-text\" class=\"tw-data-text tw-text-large tw-ta\" dir=\"ltr\" style=\"text-align: center;\" data-placeholder=\"Translation\" data-ved=\"2ahUKEwjwm-3b9OaBAxVx_7sIHQsrAHcQ3ewLegQIBhAQ\"><a href=\"https:\/\/www.upap-papu.post\/wp-content\/uploads\/2024\/10\/world_post_day_message_french_F.pdf\"><span class=\"Y2IQFc\" lang=\"fr\">T\u00c9L\u00c9CHARGER LA D\u00c9CLARATION<\/span><\/a><\/p>\n<p><\/p>","protected":false},"excerpt":{"rendered":"<p>MESSAGE DE L\u2019UPAP A L\u2019OCCASION DE LA JOURNEE MONDIALE DE LA POSTE &#8212;&#8212;&#8212;&#8212;&#8212;&#8212;&#8212;&#8212;&#8212;&#8212;&#8212;&#8212;&#8212;&#8212;&#8212;&#8212;&#8212;&#8212;&#8212;- 9 OCTOBRE 2024 T\u00c9L\u00c9CHARGER LA D\u00c9CLARATION<\/p>\n","protected":false},"author":4,"featured_media":0,"parent":0,"menu_order":0,"comment_status":"closed","ping_status":"closed","template":"","meta":{"footnotes":""},"class_list":["post-10838","page","type-page","status-publish","hentry"],"_links":{"self":[{"href":"https:\/\/www.upap-papu.post\/fr\/wp-json\/wp\/v2\/pages\/10838"}],"collection":[{"href":"https:\/\/www.upap-papu.post\/fr\/wp-json\/wp\/v2\/pages"}],"about":[{"href":"https:\/\/www.upap-papu.post\/fr\/wp-json\/wp\/v2\/types\/page"}],"author":[{"embeddable":true,"href":"https:\/\/www.upap-papu.post\/fr\/wp-json\/wp\/v2\/users\/4"}],"replies":[{"embeddable":true,"href":"https:\/\/www.upap-papu.post\/fr\/wp-json\/wp\/v2\/comments?post=10838"}],"version-history":[{"count":6,"href":"https:\/\/www.upap-papu.post\/fr\/wp-json\/wp\/v2\/pages\/10838\/revisions"}],"predecessor-version":[{"id":10859,"href":"https:\/\/www.upap-papu.post\/fr\/wp-json\/wp\/v2\/pages\/10838\/revisions\/10859"}],"wp:attachment":[{"href":"https:\/\/www.upap-papu.post\/fr\/wp-json\/wp\/v2\/media?parent=10838"}],"curies":[{"name":"wp","href":"https:\/\/api.w.org\/{rel}","templated":true}]}}