{"id":10869,"date":"2024-11-02T13:11:54","date_gmt":"2024-11-02T10:11:54","guid":{"rendered":"https:\/\/www.upap-papu.post\/?page_id=10869"},"modified":"2024-12-13T18:45:55","modified_gmt":"2024-12-13T15:45:55","slug":"papu-digital-financial-services-workshop","status":"publish","type":"page","link":"https:\/\/www.upap-papu.post\/fr\/papu-digital-financial-services-workshop\/","title":{"rendered":"ATELIER DE L\u2019UPAP SUR LES SERVICES FINANCIERS NUM\u00c9RIQUES"},"content":{"rendered":"<p><\/p>\n<h3 style=\"text-align: center;\"><img loading=\"lazy\" decoding=\"async\" class=\"alignnone wp-image-10931 size-large\" src=\"https:\/\/www.upap-papu.post\/wp-content\/uploads\/2024\/11\/digital_workshop-2-1024x221.jpg\" alt=\"\" width=\"960\" height=\"207\" srcset=\"https:\/\/www.upap-papu.post\/wp-content\/uploads\/2024\/11\/digital_workshop-2-1024x221.jpg 1024w, https:\/\/www.upap-papu.post\/wp-content\/uploads\/2024\/11\/digital_workshop-2-300x65.jpg 300w, https:\/\/www.upap-papu.post\/wp-content\/uploads\/2024\/11\/digital_workshop-2-768x166.jpg 768w, https:\/\/www.upap-papu.post\/wp-content\/uploads\/2024\/11\/digital_workshop-2-1536x331.jpg 1536w, https:\/\/www.upap-papu.post\/wp-content\/uploads\/2024\/11\/digital_workshop-2-1320x285.jpg 1320w, https:\/\/www.upap-papu.post\/wp-content\/uploads\/2024\/11\/digital_workshop-2.jpg 1985w\" sizes=\"(max-width: 960px) 100vw, 960px\" \/><\/h3>\n<ul>\n<li><a href=\"https:\/\/www.upap-papu.post\/wp-content\/uploads\/2024\/11\/Circulaire_Invitation-a-lAtelier-UPAP-sur-les-SF-numeriques-11-13-Dec-2024.pdf\" target=\"_blank\" rel=\"noopener noreferrer\">INVITATION \u00c0 L&rsquo;ATELIER UPAP SUR LES SF NUM\u00c9RIQUES<\/a><\/li>\n<li><a href=\"https:\/\/www.upap-papu.post\/wp-content\/uploads\/2024\/11\/Note-conceptuelle-Atelier-UPAP-sur-les-services-financiers-numeriques-11-13-Dec-2024.pdf\" target=\"_blank\" rel=\"noopener noreferrer\">NOTE CONCEPTUELLE<\/a><\/li>\n<li><a href=\"https:\/\/www.upap-papu.post\/wp-content\/uploads\/2024\/11\/Formulaire-de-Inscription-latelier-sur-les-SFN-Arusha-Dec-2024-New.docx\" target=\"_blank\" rel=\"noopener noreferrer\">FORMULAIRE DE INSCRIPTION<\/a><\/li>\n<li><a href=\"https:\/\/www.upap-papu.post\/wp-content\/uploads\/2024\/11\/country_information-fr.pdf\" target=\"_blank\" rel=\"noopener noreferrer\">INFORMATIONS PRATIQUES SUR LA TANZANIE<\/a><\/li>\n<li>DOCUMENTS (<a href=\"https:\/\/drive.google.com\/file\/d\/1y58yu3ySX3D94eLv6mRUZfvDMqSbpdPB\/view?usp=sharing\" target=\"_blank\" rel=\"noopener noreferrer\">PR\u00c9SENTATIONS D&rsquo;ATELIER<\/a>)<\/li>\n<\/ul>\n<p><\/p>","protected":false},"excerpt":{"rendered":"<p>INVITATION \u00c0 L&rsquo;ATELIER UPAP SUR LES SF NUM\u00c9RIQUES NOTE CONCEPTUELLE FORMULAIRE DE INSCRIPTION INFORMATIONS PRATIQUES SUR LA TANZANIE DOCUMENTS (PR\u00c9SENTATIONS D&rsquo;ATELIER)<\/p>\n","protected":false},"author":4,"featured_media":0,"parent":0,"menu_order":0,"comment_status":"closed","ping_status":"closed","template":"","meta":{"footnotes":""},"class_list":["post-10869","page","type-page","status-publish","hentry"],"_links":{"self":[{"href":"https:\/\/www.upap-papu.post\/fr\/wp-json\/wp\/v2\/pages\/10869"}],"collection":[{"href":"https:\/\/www.upap-papu.post\/fr\/wp-json\/wp\/v2\/pages"}],"about":[{"href":"https:\/\/www.upap-papu.post\/fr\/wp-json\/wp\/v2\/types\/page"}],"author":[{"embeddable":true,"href":"https:\/\/www.upap-papu.post\/fr\/wp-json\/wp\/v2\/users\/4"}],"replies":[{"embeddable":true,"href":"https:\/\/www.upap-papu.post\/fr\/wp-json\/wp\/v2\/comments?post=10869"}],"version-history":[{"count":10,"href":"https:\/\/www.upap-papu.post\/fr\/wp-json\/wp\/v2\/pages\/10869\/revisions"}],"predecessor-version":[{"id":10941,"href":"https:\/\/www.upap-papu.post\/fr\/wp-json\/wp\/v2\/pages\/10869\/revisions\/10941"}],"wp:attachment":[{"href":"https:\/\/www.upap-papu.post\/fr\/wp-json\/wp\/v2\/media?parent=10869"}],"curies":[{"name":"wp","href":"https:\/\/api.w.org\/{rel}","templated":true}]}}