{"id":10950,"date":"2025-01-14T07:55:00","date_gmt":"2025-01-14T04:55:00","guid":{"rendered":"https:\/\/www.upap-papu.post\/?page_id=10950"},"modified":"2025-01-20T07:29:10","modified_gmt":"2025-01-20T04:29:10","slug":"papu-day-2025","status":"publish","type":"page","link":"https:\/\/www.upap-papu.post\/fr\/papu-day-2025\/","title":{"rendered":"JOURNEE DE L&rsquo;UPAP 2025"},"content":{"rendered":"<p><\/p>\n<ul>\n<li><a href=\"https:\/\/www.upap-papu.post\/wp-content\/uploads\/2025\/01\/Message-du-SG-Journee-de-lUPAP-2025-13.01.2025.pdf\" target=\"_blank\" rel=\"noopener noreferrer\">MESSAGE DU SECRETAIRE GENERAL DR. SIFUNDO CHIEF MOYO<\/a><\/li>\n<li><a href=\"https:\/\/www.upap-papu.post\/wp-content\/uploads\/2025\/01\/NOTE-CONCEPTUELLE-aux-Membres-Journee-panafricaine-des-postes.pdf\" target=\"_blank\" rel=\"noopener noreferrer\">NOTE CONCEPTUELLE AUX MEMBRES JOURN\u00c9E PANAFRICAINE DES POSTES<\/a><\/li>\n<li><a href=\"https:\/\/youtu.be\/Sj0WaQB9rKo\" target=\"_blank\" rel=\"noopener noreferrer\">MESSAGE DU SECR\u00c9TAIRE G\u00c9N\u00c9RAL DU L&rsquo;UPAP POUR COMM\u00c9MORER LA JOURN\u00c9E DE L&rsquo;UPAP<\/a><\/li>\n<\/ul>\n<p><\/p>","protected":false},"excerpt":{"rendered":"<p>MESSAGE DU SECRETAIRE GENERAL DR. SIFUNDO CHIEF MOYO NOTE CONCEPTUELLE AUX MEMBRES JOURN\u00c9E PANAFRICAINE DES POSTES MESSAGE DU SECR\u00c9TAIRE G\u00c9N\u00c9RAL DU L&rsquo;UPAP POUR COMM\u00c9MORER LA JOURN\u00c9E DE L&rsquo;UPAP<\/p>\n","protected":false},"author":4,"featured_media":0,"parent":0,"menu_order":0,"comment_status":"closed","ping_status":"closed","template":"","meta":{"footnotes":""},"class_list":["post-10950","page","type-page","status-publish","hentry"],"_links":{"self":[{"href":"https:\/\/www.upap-papu.post\/fr\/wp-json\/wp\/v2\/pages\/10950"}],"collection":[{"href":"https:\/\/www.upap-papu.post\/fr\/wp-json\/wp\/v2\/pages"}],"about":[{"href":"https:\/\/www.upap-papu.post\/fr\/wp-json\/wp\/v2\/types\/page"}],"author":[{"embeddable":true,"href":"https:\/\/www.upap-papu.post\/fr\/wp-json\/wp\/v2\/users\/4"}],"replies":[{"embeddable":true,"href":"https:\/\/www.upap-papu.post\/fr\/wp-json\/wp\/v2\/comments?post=10950"}],"version-history":[{"count":6,"href":"https:\/\/www.upap-papu.post\/fr\/wp-json\/wp\/v2\/pages\/10950\/revisions"}],"predecessor-version":[{"id":10962,"href":"https:\/\/www.upap-papu.post\/fr\/wp-json\/wp\/v2\/pages\/10950\/revisions\/10962"}],"wp:attachment":[{"href":"https:\/\/www.upap-papu.post\/fr\/wp-json\/wp\/v2\/media?parent=10950"}],"curies":[{"name":"wp","href":"https:\/\/api.w.org\/{rel}","templated":true}]}}