{"id":11781,"date":"2026-01-21T10:02:52","date_gmt":"2026-01-21T07:02:52","guid":{"rendered":"https:\/\/www.upap-papu.post\/?page_id=11781"},"modified":"2026-03-28T15:40:50","modified_gmt":"2026-03-28T12:40:50","slug":"11th-ordinary-session-of-the-papu-plenipotentiary-conference","status":"publish","type":"page","link":"https:\/\/www.upap-papu.post\/fr\/11th-ordinary-session-of-the-papu-plenipotentiary-conference\/","title":{"rendered":"44\u00c8ME SESSION ORDINAIRE DU CONSEIL D\u2019ADMINISTRATION &#8211; Mars 2026"},"content":{"rendered":"<p>J\u2019ai l\u2019honneur de porter \u00e0 votre connaissance, par le pr\u00e9sent avis, qu\u2019aux termes de l\u2019article 12 (4) de la Convention de l\u2019UPAP (r\u00e9vis\u00e9e en 2018) et conform\u00e9ment \u00e0 l\u2019article 2.4 du R\u00e8glement int\u00e9rieur du Conseil d\u2019administration de l\u2019Union, la 44<sup>\u00e8me<\/sup> session ordinaire du Conseil d&rsquo;administration de l&rsquo;Union panafricaine des postes se tiendra du 23 au 24 mars 2026, \u00e0 Kampala, en R\u00e9publique d&rsquo;Ouganda. La session sera pr\u00e9c\u00e9d\u00e9e par les r\u00e9unions des Commissions administratives et techniques qui se tiendront du 16 au 20 mars 2026 au m\u00eame lieu.<\/p>\n<hr \/>\n<ul>\n<li><a href=\"https:\/\/www.upap-papu.post\/wp-content\/uploads\/2026\/01\/008-Circulaire_Invitation-au-44e-sess-ord-du-CA-UPAP-Entebbe-Mars-2026.pdf\" target=\"_blank\" rel=\"noopener\">INVITATION<\/a><\/li>\n<li><a href=\"https:\/\/www.upap-papu.post\/wp-content\/uploads\/2026\/01\/007-Circulaire_Avis-de-convocation-44e-sess-ord-du-CA-UPAP-Mars-2026.pdf\" target=\"_blank\" rel=\"noopener\">AVIS DE CONVOCATION<\/a><\/li>\n<li><a href=\"https:\/\/www.upap-papu.post\/wp-content\/uploads\/2026\/01\/Calendrier-Des-Reunions-CAT-CA-CP-CA-Extra-Mars-2026.pdf\" target=\"_blank\" rel=\"noopener\">CALENDRIER DES\u00a0 R\u00c9UNIONS<\/a><\/li>\n<li><a href=\"https:\/\/www.upap-papu.post\/wp-content\/uploads\/2026\/03\/dialogue_ministeriele_haut_niveau_fr.zip\">CIRCULAIRE_INVITATION AU DIALOGUE MINISTERIELE HAUT NIVEAU 26 MARS 2026-KAMPALA OUGANDA<\/a><\/li>\n<li><a href=\"https:\/\/forms.gle\/b7BtTijowWXNMkRc8\" target=\"_blank\" rel=\"noopener\">FORMULAIRE D&rsquo;INSCRIPTION<\/a><\/li>\n<li><a href=\"https:\/\/www.upap-papu.post\/wp-content\/uploads\/2026\/03\/11e-session-ordinaire-de-la-Conference-des-plenipotentaires-de-lUPAP_compressed.pdf\" target=\"_blank\" rel=\"noopener\">INFORMATIONS SUR LE PAYS<\/a><\/li>\n<li><a href=\"https:\/\/www.upap-papu.post\/wp-content\/uploads\/2026\/02\/list_of_hotels.pdf\" target=\"_blank\" rel=\"noopener\"><span class=\"Y2IQFc\" lang=\"fr\">LISTE DES H\u00d4TEL\u00a0<\/span><\/a><\/li>\n<li><a href=\"https:\/\/www.upap-papu.post\/wp-content\/uploads\/2026\/03\/LIENS-ZOOM-ACTUALISES-POUR-LES-REUNIONS-DE-LUPAP.docx\">LIENS D\u2019ACCES ZOOM <\/a><\/li>\n<\/ul>\n<hr \/>\n<div class=\"gdlr-shortcode-wrapper\"><div class=\"gdlr-item gdlr-accordion-item style-1\"  ><div class=\"accordion-tab active\" ><h4 class=\"accordion-title\" ><i class=\"icon-minus fa fa-minus\" ><\/i><span><strong>REUNIONS DES COMMISSIONS ADMINISTRATIVES ET TECHNIQUES<\/strong><\/span><\/h4><div class=\"accordion-content\"><table class=\"style-1\">\n<tbody>\n<tr>\n<th style=\"text-align: left;\"><span style=\"font-family: inherit; font-size: inherit;\">\u00a0\u25ca <strong>COMMISSION EXPLOITATION ET TECHNOLOGIES\u00a0<\/strong><\/span><\/th>\n<th><\/th>\n<\/tr>\n<tr>\n<td style=\"text-align: left;\">:: <a href=\"https:\/\/www.upap-papu.post\/wp-content\/uploads\/2026\/02\/CET_2026.zip\">DOCUMENTS<\/a><br \/>\n:: <a href=\"https:\/\/www.upap-papu.post\/wp-content\/uploads\/2026\/03\/Draft-44eme-CA-2025-Doc-No.-.-Rapport-de-la-Commission-Exploitation-et-Technologies-Final.pdf\" target=\"_blank\" rel=\"noopener\">RAPPORT<\/a><\/td>\n<td><\/td>\n<\/tr>\n<tr>\n<td style=\"text-align: left;\"><\/td>\n<td><\/td>\n<\/tr>\n<tr>\n<th style=\"text-align: left;\"><strong><span style=\"font-family: inherit; font-size: inherit;\">\u00a0\u25ca COMMISSION\u00a0FINANCES ET DE L\u2019ADMINISTRATION<\/span><\/strong><\/th>\n<th><\/th>\n<\/tr>\n<tr>\n<td style=\"text-align: left;\">:: <a href=\"https:\/\/www.upap-papu.post\/wp-content\/uploads\/2026\/03\/CFA_2026_fr.zip\">DOCUMENTS<\/a><br \/>\n:: <a href=\"https:\/\/www.upap-papu.post\/wp-content\/uploads\/2026\/03\/CFA_fr.zip\">RAPPORT<\/a><\/td>\n<td><\/td>\n<\/tr>\n<tr>\n<td style=\"text-align: left;\"><\/td>\n<td><\/td>\n<\/tr>\n<tr>\n<th style=\"text-align: left;\"><strong><span style=\"font-family: inherit; font-size: inherit;\">\u00a0\u25ca COMMISSION POLITIQUE ET REGULATION<\/span><\/strong><\/th>\n<th><\/th>\n<\/tr>\n<tr>\n<td style=\"text-align: left;\">:: <a href=\"https:\/\/www.upap-papu.post\/wp-content\/uploads\/2026\/03\/CFA_2026_french.zip\">DOCUMENTS<\/a><br \/>\n:: <a href=\"https:\/\/www.upap-papu.post\/wp-content\/uploads\/2026\/03\/fr-Projet-de-Rapport-Commission-Politique-Regulation_19-mars-2026100.pdf\" target=\"_blank\" rel=\"noopener\">RAPPORT<\/a><\/td>\n<td><\/td>\n<\/tr>\n<tr>\n<td><\/td>\n<td><\/td>\n<\/tr>\n<tr>\n<th style=\"text-align: left;\"><strong><span style=\"font-family: inherit; font-size: inherit;\">\u00a0\u25ca COMMISSION STRATEGIE\u00a0<\/span><\/strong><\/th>\n<th><\/th>\n<\/tr>\n<tr>\n<td style=\"text-align: left;\">:: <a href=\"https:\/\/www.upap-papu.post\/wp-content\/uploads\/2026\/03\/Strategy_2026_fr.zip\">DOCUMENTS<\/a><br \/>\n:: <a href=\"https:\/\/www.upap-papu.post\/wp-content\/uploads\/2026\/03\/44eme-CAC-2026-Doc-N\u00b0.-Rapport-de-la-Commission-Strategie-Relu-SG-20March.pdf\" target=\"_blank\" rel=\"noopener\">RAPPORT<\/a><\/td>\n<td><\/td>\n<\/tr>\n<tr>\n<td style=\"text-align: left;\"><\/td>\n<td><\/td>\n<td><\/td>\n<td><\/td>\n<\/tr>\n<tr>\n<th style=\"text-align: left;\"><strong><span style=\"font-family: inherit; font-size: inherit;\">\u00a0\u25ca COMITE AD HOC DE VERIFICATION DES POUVOIRS<\/span><\/strong><\/th>\n<th><\/th>\n<\/tr>\n<tr>\n<td style=\"text-align: left;\">:: <a href=\"https:\/\/www.upap-papu.post\/wp-content\/uploads\/2026\/03\/credential_fr_2026.zip\">DOCUMENTS<\/a><\/td>\n<td><\/td>\n<\/tr>\n<tr>\n<td style=\"text-align: left;\"><\/td>\n<td><\/td>\n<\/tr>\n<\/tbody>\n<\/table>\n<\/div><\/div><div class=\"accordion-tab\" ><h4 class=\"accordion-title\" ><i class=\"icon-plus fa fa-plus\" ><\/i><span><strong>44EME SESSION ORDINAIRE DU CONSEIL D\u2019ADMINISTRATION DE L\u2019UPAP<\/strong><\/span><\/h4><div class=\"accordion-content\"><table class=\"style-1\" style=\"height: 152px;\" width=\"631\">\n<tbody>\n<tr>\n<th style=\"text-align: left;\"><strong><span style=\"font-family: inherit; font-size: inherit;\">\u25ca DOCUMENTS<\/span><\/strong><\/th>\n<th><\/th>\n<\/tr>\n<tr>\n<td style=\"text-align: left;\">:: <a href=\"https:\/\/www.upap-papu.post\/wp-content\/uploads\/2026\/03\/French_CFA_2026_02.zip\">Documents<\/a><br \/>\n:: <a href=\"https:\/\/www.upap-papu.post\/wp-content\/uploads\/2026\/03\/UPAP_CA_XLIV_2026-Doc-N\u00b008-\u2013-Annex-16.pdf\" target=\"_blank\" rel=\"noopener\">UPAP_CA_XLIV_2026 &#8211; Doc N\u00b008 \u2013 Annex 16<\/a><\/td>\n<td><\/td>\n<\/tr>\n<tr>\n<td style=\"text-align: left;\"><\/td>\n<td><\/td>\n<\/tr>\n<tr>\n<th style=\"text-align: left;\"><\/th>\n<\/tr>\n<\/tbody>\n<\/table>\n<\/div><\/div><div class=\"accordion-tab\" ><h4 class=\"accordion-title\" ><i class=\"icon-plus fa fa-plus\" ><\/i><span><strong>11EME SESSION ORDINAIRE DE LA CONFERENCE DES PLENIPOTENTIAIRES DE L'UPAP<\/strong><\/span><\/h4><div class=\"accordion-content\"><table class=\"style-1\" style=\"height: 152px;\" width=\"631\">\n<tbody>\n<tr>\n<th style=\"text-align: left;\"><strong><span style=\"font-family: inherit; font-size: inherit;\">\u25ca DOCUMENTS<\/span><\/strong><\/th>\n<th><\/th>\n<\/tr>\n<tr>\n<td style=\"text-align: left;\">:: <a href=\"https:\/\/www.upap-papu.post\/wp-content\/uploads\/2026\/03\/11eme_CP_2026_04.zip\">Documents<\/a><br \/>\n::<\/td>\n<td><\/td>\n<\/tr>\n<tr>\n<td style=\"text-align: left;\"><\/td>\n<td><\/td>\n<\/tr>\n<tr>\n<th style=\"text-align: left;\"><\/th>\n<\/tr>\n<\/tbody>\n<\/table>\n<\/div><\/div><div class=\"accordion-tab\" ><h4 class=\"accordion-title\" ><i class=\"icon-plus fa fa-plus\" ><\/i><span><strong>12EME SESSION EXTRAORDINAIRE DU CONSEIL D\u2019ADMINISTRATION DE L'UPAP<\/strong><\/span><\/h4><div class=\"accordion-content\"><table class=\"style-1\" style=\"height: 152px;\" width=\"631\">\n<tbody>\n<tr>\n<th style=\"text-align: left;\"><strong><span style=\"font-family: inherit; font-size: inherit;\">\u25ca DOCUMENTS<\/span><\/strong><\/th>\n<th><\/th>\n<\/tr>\n<tr>\n<td style=\"text-align: left;\">:: <a href=\"https:\/\/www.upap-papu.post\/wp-content\/uploads\/2026\/03\/UPAP_12EME_CA-EXTRA_2026_06.zip\">Documents<\/a><br \/>\n::<\/td>\n<td><\/td>\n<\/tr>\n<tr>\n<td style=\"text-align: left;\"><\/td>\n<\/tr>\n<\/tbody>\n<\/table>\n<\/div><\/div><\/div><\/div>\n<p><\/p>","protected":false},"excerpt":{"rendered":"<p>J\u2019ai l\u2019honneur de porter \u00e0 votre connaissance, par le pr\u00e9sent avis, qu\u2019aux termes de l\u2019article 12 (4) de la Convention de l\u2019UPAP (r\u00e9vis\u00e9e en 2018) et conform\u00e9ment \u00e0 l\u2019article 2.4 du R\u00e8glement int\u00e9rieur du Conseil d\u2019administration de l\u2019Union, la 44\u00e8me session ordinaire du Conseil d&rsquo;administration de l&rsquo;Union panafricaine des postes se tiendra du 23 au&#8230; <\/p>\n<div class=\"clear\"><\/div>\n<p><a href=\"https:\/\/www.upap-papu.post\/fr\/11th-ordinary-session-of-the-papu-plenipotentiary-conference\/\" class=\"excerpt-read-more\">Read More<\/a><\/p>\n","protected":false},"author":4,"featured_media":0,"parent":0,"menu_order":0,"comment_status":"closed","ping_status":"closed","template":"","meta":{"footnotes":""},"class_list":["post-11781","page","type-page","status-publish","hentry"],"_links":{"self":[{"href":"https:\/\/www.upap-papu.post\/fr\/wp-json\/wp\/v2\/pages\/11781"}],"collection":[{"href":"https:\/\/www.upap-papu.post\/fr\/wp-json\/wp\/v2\/pages"}],"about":[{"href":"https:\/\/www.upap-papu.post\/fr\/wp-json\/wp\/v2\/types\/page"}],"author":[{"embeddable":true,"href":"https:\/\/www.upap-papu.post\/fr\/wp-json\/wp\/v2\/users\/4"}],"replies":[{"embeddable":true,"href":"https:\/\/www.upap-papu.post\/fr\/wp-json\/wp\/v2\/comments?post=11781"}],"version-history":[{"count":10,"href":"https:\/\/www.upap-papu.post\/fr\/wp-json\/wp\/v2\/pages\/11781\/revisions"}],"predecessor-version":[{"id":12263,"href":"https:\/\/www.upap-papu.post\/fr\/wp-json\/wp\/v2\/pages\/11781\/revisions\/12263"}],"wp:attachment":[{"href":"https:\/\/www.upap-papu.post\/fr\/wp-json\/wp\/v2\/media?parent=11781"}],"curies":[{"name":"wp","href":"https:\/\/api.w.org\/{rel}","templated":true}]}}