{"id":3725,"date":"2018-01-18T13:55:15","date_gmt":"2018-01-18T13:55:15","guid":{"rendered":"http:\/\/www.sfgtechnology.com\/papu\/?page_id=3725"},"modified":"2024-09-10T20:48:36","modified_gmt":"2024-09-10T17:48:36","slug":"the-union","status":"publish","type":"page","link":"https:\/\/www.upap-papu.post\/fr\/the-union\/","title":{"rendered":"L&rsquo;union"},"content":{"rendered":"<p><\/p>\n<h2 style=\"text-align: left;\"><strong>La Vision\u00a0<\/strong><\/h2>\n<p>\u00catre le r\u00e9seau postal unique de l\u2019Afrique assurant une liaison fiable et efficace entre citoyens africains et march\u00e9s nationaux et internationaux, gr\u00e2ce \u00e0 des produits et services postaux physiques et num\u00e9riques de haute qualit\u00e9.<\/p>\n<h2 id=\"tw-target-text\" class=\"tw-data-text tw-text-large tw-ta\" dir=\"ltr\" style=\"text-align: left;\" data-placeholder=\"Translation\" aria-label=\"Translated text\" data-ved=\"2ahUKEwjvwom44O6GAxXtUkEAHXANFjgQ3ewLegQIFRAU\"><strong><span class=\"Y2IQFc\" lang=\"fr\">OBJECTIFS<\/span><\/strong>:<\/h2>\n<p>Les objectifs de l\u2019Union sont les suivants :<\/p>\n<ol>\n<li>promouvoir la coop\u00e9ration au d\u00e9veloppement entre les Etats membres dans le domaine des services postaux\u00a0;<\/li>\n<li>promouvoir et faciliter l\u2019acc\u00e8s \u00e0 des services postaux universels de qualit\u00e9;<\/li>\n<li>promouvoir et faciliter la r\u00e9forme du secteur postal\u00a0;<\/li>\n<li>promouvoir et faciliter l\u2019assistance technique dans le secteur postal ;<\/li>\n<li>promouvoir et d\u00e9fendre les positions communes des Etats membres sur des questions postales ;<\/li>\n<li>promouvoir la recherche et le d\u00e9veloppement dans le secteur postal\u00a0;<\/li>\n<li>promouvoir des projets r\u00e9gionaux de d\u00e9veloppement du r\u00e9seau postal africain\u00a0;<\/li>\n<li>favoriser le d\u00e9veloppement de nouveaux produits et services\u00a0;<\/li>\n<li>promouvoir le d\u00e9veloppement durable du secteur postal\u00a0;<\/li>\n<li>promouvoir l\u2019action positive en faveur des groupes d\u00e9favoris\u00e9s dans le d\u00e9veloppement du secteur postal.<\/li>\n<\/ol>\n<p><\/p>","protected":false},"excerpt":{"rendered":"<p>La Vision\u00a0 \u00catre le r\u00e9seau postal unique de l\u2019Afrique assurant une liaison fiable et efficace entre citoyens africains et march\u00e9s nationaux et internationaux, gr\u00e2ce \u00e0 des produits et services postaux physiques et num\u00e9riques de haute qualit\u00e9. OBJECTIFS: Les objectifs de l\u2019Union sont les suivants : promouvoir la coop\u00e9ration au d\u00e9veloppement entre les Etats membres dans&#8230; <\/p>\n<div class=\"clear\"><\/div>\n<p><a href=\"https:\/\/www.upap-papu.post\/fr\/the-union\/\" class=\"excerpt-read-more\">Read More<\/a><\/p>\n","protected":false},"author":3,"featured_media":0,"parent":0,"menu_order":0,"comment_status":"closed","ping_status":"closed","template":"","meta":{"footnotes":""},"class_list":["post-3725","page","type-page","status-publish","hentry"],"_links":{"self":[{"href":"https:\/\/www.upap-papu.post\/fr\/wp-json\/wp\/v2\/pages\/3725"}],"collection":[{"href":"https:\/\/www.upap-papu.post\/fr\/wp-json\/wp\/v2\/pages"}],"about":[{"href":"https:\/\/www.upap-papu.post\/fr\/wp-json\/wp\/v2\/types\/page"}],"author":[{"embeddable":true,"href":"https:\/\/www.upap-papu.post\/fr\/wp-json\/wp\/v2\/users\/3"}],"replies":[{"embeddable":true,"href":"https:\/\/www.upap-papu.post\/fr\/wp-json\/wp\/v2\/comments?post=3725"}],"version-history":[{"count":1,"href":"https:\/\/www.upap-papu.post\/fr\/wp-json\/wp\/v2\/pages\/3725\/revisions"}],"predecessor-version":[{"id":8787,"href":"https:\/\/www.upap-papu.post\/fr\/wp-json\/wp\/v2\/pages\/3725\/revisions\/8787"}],"wp:attachment":[{"href":"https:\/\/www.upap-papu.post\/fr\/wp-json\/wp\/v2\/media?parent=3725"}],"curies":[{"name":"wp","href":"https:\/\/api.w.org\/{rel}","templated":true}]}}