{"id":6957,"date":"2021-11-14T13:11:29","date_gmt":"2021-11-14T10:11:29","guid":{"rendered":"https:\/\/www.upap-papu.africa\/?page_id=6957"},"modified":"2026-02-06T15:20:36","modified_gmt":"2026-02-06T12:20:36","slug":"calendar","status":"publish","type":"page","link":"https:\/\/www.upap-papu.post\/fr\/calendar\/","title":{"rendered":"CALENDRIER"},"content":{"rendered":"<p><\/p>\n<h3 style=\"text-align: center;\"><strong>CALENDRIER POSTAL AFRICAIN 2025\/2026<\/strong><\/h3>\n<table width=\"738\">\n<tbody>\n<tr>\n<td width=\"42\">\n<h2>No.<\/h2>\n<\/td>\n<td width=\"300\">\n<h2>EVENT \/\/ ACTIVITE<\/h2>\n<\/td>\n<td width=\"114\">\n<h2>DATES<\/h2>\n<\/td>\n<td width=\"132\">\n<h2>VENUE \/\/ LIEU<\/h2>\n<\/td>\n<td width=\"150\">\n<h2>ORGANIZER \/\/ ORGANISATEUR<\/h2>\n<\/td>\n<\/tr>\n<tr>\n<td width=\"42\">1.<\/td>\n<td width=\"300\">Africa POC\/CA S0 Coordination Meeting \/\/ R\u00e9union de coordination de la session CEP\/CA S0<\/td>\n<td width=\"114\">10 Nov. \/\/ nov. 2025<\/td>\n<td width=\"132\">Virtual \/\/ Virtuel<\/td>\n<td width=\"150\">PAPU \/\/ UPAP<\/td>\n<\/tr>\n<tr>\n<td width=\"42\">2.<\/td>\n<td width=\"300\">11<sup>th<\/sup> Extraordinary Session of PAPU Admin. Council \/\/ 11<sup>e<\/sup> session extraordinaire du CA de l\u2019UPAP<\/td>\n<td width=\"114\">19 Nov. \/\/ nov. 2025<\/td>\n<td width=\"132\">Virtual \/\/ Virtuel<\/td>\n<td width=\"150\">PAPU \/\/ UPAP<\/td>\n<\/tr>\n<tr>\n<td width=\"42\">3.<\/td>\n<td width=\"300\">Africa Philately Workshop \/\/ Atelier de philat\u00e9lie africaine<\/td>\n<td width=\"114\">21 Nov. \/\/ nov. 2025<\/td>\n<td width=\"132\">Virtual \/\/ Virtuel<\/td>\n<td width=\"150\">PAPU \/\/ UPAP<\/td>\n<\/tr>\n<tr>\n<td width=\"42\">4.<\/td>\n<td width=\"300\">UPU POC\/CA meetings \/\/ R\u00e9unions CEP\/CA de l\u2019UPU<\/td>\n<td width=\"114\">24-28 Nov. \/\/ nov. 2025<\/td>\n<td width=\"132\">Bern (Switzerland) \/\/ Berne (Suisse)<\/p>\n<p>Hybrid \/\/ Hybride<\/td>\n<td width=\"150\">UPU<\/td>\n<\/tr>\n<tr>\n<td width=\"42\">5.<\/td>\n<td width=\"300\">PAPU DAY 2026 Celebrations \/\/ Journ\u00e9e panafricaine des postes 2026<\/td>\n<td width=\"114\">18 Jan. \/\/ janv. 2026<\/td>\n<td width=\"132\">Arusha (Tanzania \/\/ Tanzanie)<\/p>\n<p>In-person \/\/ Physique<\/td>\n<td width=\"150\">PAPU \/\/ UPAP<\/td>\n<\/tr>\n<tr>\n<td width=\"42\">6.<\/td>\n<td width=\"300\">PAPU Working Group Meetings \/\/ R\u00e9unions des groupes de travail de l\u2019UPAP<\/td>\n<td width=\"114\">19\/01 \u2013 16\/02\/2026<\/td>\n<td width=\"132\">Virtual \/\/ Virtuel<\/td>\n<td width=\"150\">PAPU \/\/ UPAP<\/td>\n<\/tr>\n<tr>\n<td width=\"42\">7.<\/td>\n<td width=\"300\">6<sup>th<\/sup> Ordinary Session, WAPCO Administrative Council \/\/ 6<sup>e<\/sup> session ordinaire du Conseil d\u2019administration de la CPEAO<\/td>\n<td width=\"114\">09-11 Feb. \/\/ f\u00e9vr. 2026<\/td>\n<td width=\"132\">Banjul (The Gambia) \/\/ (Gambie)<\/td>\n<td width=\"150\">WAPCO \/\/ CPEAO<\/td>\n<\/tr>\n<tr>\n<td width=\"42\">8.<\/td>\n<td width=\"300\">UPU Africa Postal Leaders Forum \/\/ Forum des dirigeants postaux africains de l\u2019UPU<\/td>\n<td width=\"114\">25-27 Feb. \/\/ f\u00e9vr. 2026<\/td>\n<td width=\"132\">Cabo Verde<\/td>\n<td width=\"150\">UPU<\/td>\n<\/tr>\n<tr>\n<td width=\"42\">9.<\/td>\n<td width=\"300\">SAPOA Postal Forum \/\/ Forum postal de la SAPOA<\/td>\n<td width=\"114\">4-6 March \/\/ mars 2026<\/td>\n<td width=\"132\">Cape Town (South Africa) \/\/ Le Cap (Afrique du Sud)<\/td>\n<td width=\"150\">SAPOA<\/td>\n<\/tr>\n<tr>\n<td width=\"42\">10.<\/td>\n<td width=\"300\">11<sup>th<\/sup> Ordinary Session of PAPU Plenipotentiary Conference (44<sup>th<\/sup> Ordinary Session of AC, Admin. &amp; Technical Committee Meetings, and 12<sup>th<\/sup> Extraordinary Session of AC) \/\/<\/p>\n<p>11<sup>\u00e8me<\/sup> session ordinaire de la Conf\u00e9rence des pl\u00e9nipotentiaires (44<sup>e<\/sup> session ordinaire du CA, r\u00e9unions des Commissions administratives &amp; techniques, 12<sup>e<\/sup> session extraordinaire du CA)<\/td>\n<td width=\"114\">16-28 March \/\/ mars 2026<\/td>\n<td width=\"132\">Entebbe (Uganda) \/\/ (Ouganda)<\/td>\n<td width=\"150\">PAPU &amp; Host Country \/\/ UPAP &amp; Pays h\u00f4te<\/td>\n<\/tr>\n<tr>\n<td width=\"42\">11.<\/td>\n<td width=\"300\">CRASA G5 Regulatory Collaboration Summit &amp; 15<sup>th<\/sup> Annual General Meeting 2026 \/\/ Sommet G5 sur la r\u00e9gulation collaborative &amp; 15<sup>e<\/sup> Assembl\u00e9e g\u00e9n\u00e9rale de la CRASA<\/td>\n<td width=\"114\">13-17 Apr. \/\/ avr. 2026<\/td>\n<td width=\"132\">Lilongwe (Malawi)<\/td>\n<td width=\"150\">CRASA &amp; MACRA (Autorit\u00e9 de r\u00e9gulation du Malawi)<\/td>\n<\/tr>\n<tr>\n<td width=\"42\">12.<\/td>\n<td width=\"300\">Africa Coordination Meeting on UPU matters \/\/ R\u00e9union de concertation du Groupe Afrique sur les dossiers UPU<\/td>\n<td width=\"114\">April \/\/ avril 2026<\/td>\n<td width=\"132\">Virtual \/\/ Virtuel<\/td>\n<td width=\"150\">PAPU \/\/ UPAP<\/td>\n<\/tr>\n<tr>\n<td width=\"42\">13.<\/td>\n<td width=\"300\">UPU POC\/CA meetings \/\/ R\u00e9unions CEP\/CA de l\u2019UPU<\/td>\n<td width=\"114\">April \/\/ avril 2026<\/td>\n<td width=\"132\">Bern (Switzerland) \/\/ Berne (Suisse)<\/p>\n<p>Hybrid \/\/ Hybride<\/td>\n<td width=\"150\">UPU<\/td>\n<\/tr>\n<tr>\n<td width=\"42\">14.<\/td>\n<td width=\"300\">Administrative &amp; Technical Committee inaugural meetings (2026-2030) \/\/ 1<sup>\u00e8res<\/sup>\u00a0 r\u00e9unions des Commissions administratives &amp; techniques du cycle 2026-2030)<\/td>\n<td width=\"114\">June \/\/ juin 2026<\/td>\n<td width=\"132\">TBD \/\/ \u00e0 pr\u00e9ciser<\/td>\n<td width=\"150\">Member States chairing Committees \/\/ Etats membres assurant la pr\u00e9sidence des commissions<\/td>\n<\/tr>\n<tr>\n<td width=\"42\">15.<\/td>\n<td width=\"300\">EACO Postal Assembly and Congress<\/td>\n<td width=\"114\">June \/\/ juin 2026<\/td>\n<td width=\"132\">Rwanda<\/td>\n<td width=\"150\">EACO<\/td>\n<\/tr>\n<tr>\n<td width=\"42\">16.<\/td>\n<td width=\"300\">Annual General Assembly SAPOA \/\/ Assembl\u00e9e G\u00e9n\u00e9rale de la SAPOA<\/td>\n<td width=\"114\">21-22 Jul. \/\/ juil. 2026<\/td>\n<td width=\"132\">Johannesburg, South Africa \/\/ \u00a0(Afrique du Sud)<\/td>\n<td width=\"150\">SAPOA<\/td>\n<\/tr>\n<tr>\n<td width=\"42\">17.<\/td>\n<td width=\"300\">PAPU Working Group Meetings \/\/ R\u00e9unions des groupes de travail de l\u2019UPAP<\/td>\n<td width=\"114\">Aug. \/\/ ao\u00fbt 2026<\/td>\n<td width=\"132\">Virtual \/\/ Virtuel<\/td>\n<td width=\"150\">PAPU \/\/ UPAP<\/td>\n<\/tr>\n<tr>\n<td width=\"42\">18.<\/td>\n<td width=\"300\">Africa Coordination Meeting on UPU matters \/\/ R\u00e9union de concertation du Groupe Afrique sur les dossiers UPU<\/td>\n<td width=\"114\">Oct. \/\/ oct. 2026<\/td>\n<td width=\"132\">Virtual \/\/ Virtuel<\/td>\n<td width=\"150\">PAPU \/\/ UPAP<\/td>\n<\/tr>\n<tr>\n<td width=\"42\">19.<\/td>\n<td width=\"300\">UPU POC\/CA meetings \/\/ R\u00e9unions CEP\/CA de l\u2019UPU<\/td>\n<td width=\"114\">Oct. \/\/ oct. 2026<\/td>\n<td width=\"132\">Bern (Switzerland) \/\/ Berne (Suisse)<\/p>\n<p>Hybrid \/\/ Hybride<\/td>\n<td width=\"150\">UPU<\/td>\n<\/tr>\n<tr>\n<td width=\"42\">20.<\/td>\n<td width=\"300\">Africa Postal Regulators Conference \/\/ Conf\u00e9rence des r\u00e9gulateurs postaux africains<\/td>\n<td width=\"114\">Q3 2026 \/\/ 3<sup>e<\/sup>\u00a0 trimestre 2026<\/td>\n<td width=\"132\">TBA \/\/ \u00e0 pr\u00e9ciser<\/td>\n<td width=\"150\">PAPU \/\/ UPAP<\/td>\n<\/tr>\n<\/tbody>\n<\/table>\n<h3 style=\"text-align: center;\"><strong><br \/>\n<strong><em>NB : Il sera proc\u00e9d\u00e9 \u00e0 des mises \u00e0 jour \u00e9ventuelles d\u00e8s la communication ou la confirmation des \u00e9v\u00e9nements ainsi que des dates et lieux.<\/em><\/strong><\/strong><\/h3>\n<p>::<\/p>\n<hr style=\"height: 2px; border-width: 0; color: gray; background-color: gray;\" \/><\/p>","protected":false},"excerpt":{"rendered":"<p>CALENDRIER POSTAL AFRICAIN 2025\/2026 No. EVENT \/\/ ACTIVITE DATES VENUE \/\/ LIEU ORGANIZER \/\/ ORGANISATEUR 1. Africa POC\/CA S0 Coordination Meeting \/\/ R\u00e9union de coordination de la session CEP\/CA S0 10 Nov. \/\/ nov. 2025 Virtual \/\/ Virtuel PAPU \/\/ UPAP 2. 11th Extraordinary Session of PAPU Admin. Council \/\/ 11e session extraordinaire du CA&#8230; <\/p>\n<div class=\"clear\"><\/div>\n<p><a href=\"https:\/\/www.upap-papu.post\/fr\/calendar\/\" class=\"excerpt-read-more\">Read More<\/a><\/p>\n","protected":false},"author":4,"featured_media":0,"parent":0,"menu_order":0,"comment_status":"closed","ping_status":"closed","template":"","meta":{"footnotes":""},"class_list":["post-6957","page","type-page","status-publish","hentry"],"_links":{"self":[{"href":"https:\/\/www.upap-papu.post\/fr\/wp-json\/wp\/v2\/pages\/6957"}],"collection":[{"href":"https:\/\/www.upap-papu.post\/fr\/wp-json\/wp\/v2\/pages"}],"about":[{"href":"https:\/\/www.upap-papu.post\/fr\/wp-json\/wp\/v2\/types\/page"}],"author":[{"embeddable":true,"href":"https:\/\/www.upap-papu.post\/fr\/wp-json\/wp\/v2\/users\/4"}],"replies":[{"embeddable":true,"href":"https:\/\/www.upap-papu.post\/fr\/wp-json\/wp\/v2\/comments?post=6957"}],"version-history":[{"count":11,"href":"https:\/\/www.upap-papu.post\/fr\/wp-json\/wp\/v2\/pages\/6957\/revisions"}],"predecessor-version":[{"id":11863,"href":"https:\/\/www.upap-papu.post\/fr\/wp-json\/wp\/v2\/pages\/6957\/revisions\/11863"}],"wp:attachment":[{"href":"https:\/\/www.upap-papu.post\/fr\/wp-json\/wp\/v2\/media?parent=6957"}],"curies":[{"name":"wp","href":"https:\/\/api.w.org\/{rel}","templated":true}]}}