{"id":8993,"date":"2023-07-11T17:50:09","date_gmt":"2023-07-11T14:50:09","guid":{"rendered":"https:\/\/www.upap-papu.africa\/?page_id=8993"},"modified":"2023-07-11T17:50:09","modified_gmt":"2023-07-11T14:50:09","slug":"country-information","status":"publish","type":"page","link":"https:\/\/www.upap-papu.post\/fr\/country-information\/","title":{"rendered":"Country Information"},"content":{"rendered":"<p>\t\t\t\t<\/p>\n<h3 style=\"text-align: center;\"><strong>ORGANISATION DE LA 41e SESSION ORDINAIRE DU CONSEIL D\u2019ADMINISTRATION ET INAUGURATION DU NOUVEL<br \/>\nIMMEUBLE SI\u00c8GE DE L\u2019UPAP &#8211; ARUSHA, R\u00c9PUBLIQUE UNIE DE TANZANIE DU 24 AOUT AU 02 SEPTEMBRE 2023<\/strong><\/h3>\n<p><strong><u>INFORMATIONS PRATIQUES<\/u><\/strong><\/p>\n<h2 style=\"text-align: left;\"><strong>1.\u00a0\u00a0\u00a0\u00a0\u00a0\u00a0\u00a0\u00a0\u00a0\u00a0\u00a0 <\/strong><strong>Arusha en bref <\/strong><\/h2>\n<p>Situ\u00e9e au nord de la Tanzanie au pied du Mont Meru, la ville d\u2019Arusha est nich\u00e9e sur le flanc oriental de la rampe est de la Vall\u00e9e du Grand Rift (<em>Great Rift Valley<\/em> en anglais). La r\u00e9gion d\u2019Arusha dans son ensemble est une destination touristique paisible, pittoresque et tr\u00e8s pris\u00e9e qui constitue le c\u0153ur du circuit des safaris de la zone nord de la Tanzanie. Elle baigne dans un climat des plus agr\u00e9ables et avoisine des parcs animaliers de renomm\u00e9e internationale \u00e0 l\u2019instar des parcs de Serengeti, <a href=\"https:\/\/www.ncaa.go.tz\/\" target=\"_blank\" rel=\"noopener\">de Ngorongoro<\/a>, du Lac Manyara, de Tarangir\u00e9, d\u2019Arusha, des sites patrimoniaux comme <a href=\"https:\/\/www.ncaa.go.tz\/olduvai-gorge\/\" target=\"_blank\" rel=\"noopener\">Olduvai Gorge<\/a>, <a href=\"https:\/\/www.tanzaniaparks.go.tz\/national_parks\/kilimanjaro-national-park\" target=\"_blank\" rel=\"noopener\">le Mont Kilimandjaro<\/a> ou le Mont Meru.\u00a0 Cette ville est r\u00e9put\u00e9e pour ses march\u00e9s effervescents, ses art\u00e8res vivantes et la diversit\u00e9 de son patrimoine culturel, notamment \u00e0 travers les spectacles de danse traditionnelle masa\u00ef et les objets artisanaux.<\/p>\n<p>Non seulement elle abrite de multiples organisations internationales, dont le M\u00e9canisme international r\u00e9siduel pour les tribunaux p\u00e9naux (IRMCT) et l\u2019Union panafricaine des postes, mais elle est \u00e9galement le si\u00e8ge de la Communaut\u00e9 des \u00c9tats de l\u2019Afrique de l\u2019Est (EAC), regroupant sept pays membres : le Burundi, la R\u00e9publique d\u00e9mocratique du Congo, la Tanzanie, le Kenya, le Rwanda, l\u2019Ouganda et le Sud-Soudan. Au fil des ans, la ville s\u2019est forg\u00e9 une solide r\u00e9putation de lieu privil\u00e9gi\u00e9 pour l\u2019organisation de r\u00e9unions internationales de haut niveau, y compris les sommets des chefs d\u2019\u00c9tat et de gouvernement.<\/p>\n<p>Gr\u00e2ce \u00e0 sa population cosmopolite, Arusha est devenue l\u2019un des principaux centres de conf\u00e9rences de la sous-r\u00e9gion. En somme, la ville d\u2019Arusha a acquis la renomm\u00e9e internationale d\u2019\u00eatre l\u2019une des villes les plus accueillantes, gr\u00e2ce notamment \u00e0 ses paysages champ\u00eatres sublimes sur fond de musiques locales rythm\u00e9es et vivifiantes anim\u00e9es par des orchestres tanzaniens.<\/p>\n<p>Du point de vue s\u00e9curitaire, elle est assez peu risqu\u00e9e pour les visiteurs. Toutefois, il est conseill\u00e9 de faire preuve de prudence, notamment en cas de d\u00e9placement \u00e0 des heures tardives.<\/p>\n<h2 style=\"text-align: left;\">2.\u00a0\u00a0\u00a0\u00a0\u00a0\u00a0\u00a0\u00a0\u00a0\u00a0\u00a0 <strong>La m\u00e9t\u00e9o<\/strong> \u2013 au cours du mois d\u2019ao\u00fbt<\/h2>\n<p>La temp\u00e9rature minimale moyenne \u00e0 Arusha au mois d\u2019ao\u00fbt s\u2019\u00e9l\u00e8ve \u00e0 10,0\u00b0C (50,0\u00b0F), laquelle est g\u00e9n\u00e9ralement enregistr\u00e9e pendant la nuit. En effet, le mois d\u2019ao\u00fbt est un mois plut\u00f4t sec avec en moyenne 20 mm de pluie. La temp\u00e9rature diurne maximale moyenne se situe autour de 24\u00b0C (75.2\u00b0F). Le mois d\u2019ao\u00fbt est reconnu comme l\u2019un des meilleurs mois pour se rendre \u00e0 Arusha. Des informations actualis\u00e9es sont disponibles sur le site de la <em>Tanzania Meteorological Authority<\/em> (office m\u00e9t\u00e9orologique de la Tanzanie) <a href=\"http:\/\/www.meteo.go.tz\/\" target=\"_blank\" rel=\"noopener\">http:\/\/www.meteo.go.tz\/<\/a><\/p>\n<h2 style=\"text-align: left;\">3.\u00a0\u00a0\u00a0\u00a0\u00a0\u00a0\u00a0\u00a0\u00a0\u00a0\u00a0 Lieu de r\u00e9union<\/h2>\n<p style=\"text-align: left;\">La r\u00e9union se tiendra dans les locaux du nouvel immeuble si\u00e8ge de l\u2019UPAP \u00e0 Arusha en Tanzanie.<\/p>\n<h2 style=\"text-align: left;\">4.\u00a0\u00a0\u00a0\u00a0\u00a0\u00a0\u00a0\u00a0\u00a0\u00a0\u00a0 Modalit\u00e9s de voyage<\/h2>\n<p>Il convient de pr\u00e9ciser que l\u2019a\u00e9roport de destination est le Kilimandjaro International Airpor<u>t (JRO)<\/u>, situ\u00e9 \u00e0 45 kilom\u00e8tres d\u2019Arusha.<\/p>\n<p>S\u2019agissant des compagnies a\u00e9riennes, le Julius Nyerere International Airport (JNIA) de la capitale Dar es Salaam est desservi par les compagnies ci-apr\u00e8s : &#8211;<\/p>\n<ol>\n<li>Kenya Airways<\/li>\n<li>Ethiopian Airlines<\/li>\n<li>KLM<\/li>\n<li>Air Malawi<\/li>\n<li>Rwanda Air<\/li>\n<li>Qatar Airways<\/li>\n<li>Mozambique Airlines<\/li>\n<li>Uganda Airlines<\/li>\n<li>Oman Air<\/li>\n<\/ol>\n<p><!--more--><\/p>\n<p>En revanche, le Kilimandjaro International Airport est desservi par :<\/p>\n<ol>\n<li>Air Tanzania<\/li>\n<li>Kenya Airways<\/li>\n<li>Ethiopian Airlines<\/li>\n<li>Precision Air<\/li>\n<li>KLM<\/li>\n<li>Qatar Airways<\/li>\n<\/ol>\n<p>Les d\u00e9l\u00e9gu\u00e9s arrivant par l\u2019a\u00e9roport international Julius Nyerere (JNIA) de Dar es Salaam peuvent se rendre \u00e0 Arusha par des vols int\u00e9rieurs op\u00e9r\u00e9s par Precision Air et Air Tanzania \u00e0 destination de l\u2019a\u00e9roport international de Kilimandjaro ou de l\u2019a\u00e9roport d\u2019Arusha. \u00c0 leur arriv\u00e9e au terminal 3 de l\u2019a\u00e9roport international Julius Nyerere (JNIA) \u00e0 Dar es Salaam, il est rappel\u00e9 aux d\u00e9l\u00e9gu\u00e9s de r\u00e9cup\u00e9rer leurs bagages et de proc\u00e9der \u00e0 un nouvel enregistrement au terminal 2 pour les vols int\u00e9rieurs.<\/p>\n<p>Le gouvernement de la R\u00e9publique Unie de Tanzanie (URT) assurera le transport des d\u00e9l\u00e9gu\u00e9s comme suit : &#8211;<\/p>\n<ol>\n<li>\u00e0 l\u2019arriv\u00e9e et au d\u00e9part de l\u2019a\u00e9roport international de Kilimandjaro \/ de l\u2019a\u00e9roport d\u2019Arusha ; et<\/li>\n<li>des h\u00f4tels recommand\u00e9s vers\/depuis le lieu de r\u00e9union.<\/li>\n<\/ol>\n<p>NB : Il est conseill\u00e9 aux d\u00e9l\u00e9gu\u00e9s de rep\u00e9rer les portant l\u2019intitul\u00e9 de la r\u00e9union (ou la mention \u00ab\u00a0PAPU DELEGATES\u00a0\u00bb).<\/p>\n<p>Les d\u00e9l\u00e9gu\u00e9s sont pri\u00e9s de renseigner toutes les informations relatives \u00e0 leur voyage, y compris le num\u00e9ro de vol, les dates et heures d\u2019arriv\u00e9e et de d\u00e9part, au cas o\u00f9 ils auraient besoin d\u2019\u00eatre pris en charge depuis et vers l\u2019a\u00e9roport.<\/p>\n<ol>\n<li>Formalit\u00e9s d\u2019obtention de visa<\/li>\n<\/ol>\n<p>Les \u00e9trangers d\u00e9sireux de se rendre en Tanzanie doivent \u00eatre en possession d\u2019un passeport en cours de validit\u00e9. Le passeport doit \u00eatre pr\u00e9sent\u00e9 \u00e0 l\u2019agent charg\u00e9 de l\u2019immigration au poste d\u2019entr\u00e9e : fronti\u00e8re, a\u00e9roport, port.\u00a0 Le passeport doit \u00eatre accompagn\u00e9 d\u2019un visa en cours de validit\u00e9.<\/p>\n<p>Les ressortissants de la Communaut\u00e9 de d\u00e9veloppement de l\u2019Afrique australe (SADC) et de la Communaut\u00e9 des \u00c9tats de l\u2019Afrique de l\u2019Est (EAC) sont dispens\u00e9s de visa. Il est toutefois conseill\u00e9 de consulter l\u2019ambassade de Tanzanie la plus proche au pr\u00e9alable pour s\u2019informer des conditions d\u2019obtention de visa en cas de besoin. Pour tout renseignement relatif aux conditions d\u2019obtention de visa, notamment la demande en ligne, pri\u00e8re de consulter le site <a href=\"https:\/\/visa.immigration.go.tz\/\" target=\"_blank\" rel=\"noopener\">https:\/\/visa.immigration.go.tz\/<\/a><\/p>\n<h2 style=\"text-align: left;\">5.\u00a0\u00a0\u00a0\u00a0\u00a0\u00a0\u00a0\u00a0\u00a0\u00a0\u00a0 Modalit\u00e9s sanitaires<\/h2>\n<ul>\n<li><strong><em>Certificat de vaccination contre la fi\u00e8vre jaune<\/em><\/strong><\/li>\n<\/ul>\n<p>En application du R\u00e8glement sanitaire international, la R\u00e9publique unie de Tanzanie exige un certificat international de vaccination en cours de validit\u00e9 pour tout voyageur en provenance de pays abritant des zones infectieuses. De m\u00eame, des certificats seront exig\u00e9s pour toute personne ayant \u00e9t\u00e9 en transit dans l\u2019une quelconque des zones infectieuses.<\/p>\n<ul>\n<li><strong><em>Contr\u00f4les anti-Covid-19 <\/em><\/strong><\/li>\n<\/ul>\n<p>Il est conseill\u00e9 \u00e0 tous les d\u00e9l\u00e9gu\u00e9s de v\u00e9rifier les informations et mesures actualis\u00e9s en mati\u00e8re de Covid-19 avant de se rendre en Tanzanie. Par ailleurs, il est conseill\u00e9 aux d\u00e9l\u00e9gu\u00e9s de se munir de leur certificat de vaccination Covid-19 en cours de validit\u00e9. Pour plus d\u2019informations, pri\u00e8re de visiter le site <a href=\"https:\/\/afyamsafiri.moh.go.tz\/#\/\" target=\"_blank\" rel=\"noopener\">https:\/\/afyamsafiri.moh.go.tz\/#\/<\/a><\/p>\n<ul>\n<li><strong><em>Assurances <\/em><\/strong><\/li>\n<\/ul>\n<p>La couverture contre les accidents corporels, les urgences m\u00e9dicales, la perte de bagages et de devises demeure \u00e0 la charge des d\u00e9l\u00e9gu\u00e9s.<\/p>\n<h2 style=\"text-align: left;\">6.\u00a0\u00a0\u00a0\u00a0\u00a0\u00a0\u00a0\u00a0\u00a0\u00a0\u00a0 \u00c9tablissements h\u00f4teliers recommand\u00e9s<\/h2>\n<p>Ci-apr\u00e8s la liste des h\u00f4tels recommand\u00e9s \u00e0 proximit\u00e9 du lieu de r\u00e9union :<\/p>\n<table class=\"style-1\">\n<tbody>\n<tr>\n<th><strong>NOM DE L\u2019ETABLISSEMENT<\/strong><\/th>\n<th><strong>TARIF PAR NUITEE (EN $EU)<\/strong><\/th>\n<th><strong>EMPLACEMENT<\/strong><\/th>\n<th><strong>CONTACT<\/strong><\/th>\n<\/tr>\n<tr>\n<td style=\"text-align: left;\">Gran Melia Arusha<br \/>\n5 &#8211; \u00c9toile<\/td>\n<td style=\"text-align: left;\">:: \u00ab\u00a0Deluxe\u00a0\u00bb avec vue de la ville US$ 195<br \/>\n:: \u00ab\u00a0Deluxe\u00a0\u00bb avec vue de la montagne US$ 250<br \/>\n:: \u00ab\u00a0RedLevel Deluxe\u00a0\u00bb avec vue de la montagne US$ 315<br \/>\n:: \u00ab\u00a0RedLevel\u00a0\u00bb suite junior US$ 500<br \/>\n:: \u00ab\u00a0RedLevel Grande Suite\u00a0\u00bb US$ 830<br \/>\n:: \u00ab\u00a0RedLevel\u00a0\u00bb suite pr\u00e9sidentielle US$ 1,715<\/td>\n<td>\n<p style=\"text-align: center;\">Simeon Road<\/p>\n<\/td>\n<td style=\"text-align: center;\"><a href=\"https:\/\/www.melia.com\" target=\"_blank\" rel=\"noopener\">https:\/\/www.melia.com<\/a><br \/>\nTel: +255 746 982 400<\/p>\n<p style=\"text-align: center;\"><a class=\"likebtn\" href=\"mailto:gran.melia.arusha@melia.com\" target=\"_blank\" rel=\"noopener\">BOOK NOW<\/a><\/p>\n<\/td>\n<\/tr>\n<tr>\n<td style=\"text-align: left;\">Mount Meru Hotel<br \/>\n4 &#8211; \u00c9toile<\/td>\n<td style=\"text-align: left;\">:: Chambre simple standard US$ 131.5<br \/>\n:: Chambre double standard US$ 163<br \/>\n:: Chambre simple ex\u00e9cutive US$ 181.5<br \/>\n:: Chambre double ex\u00e9cutive US$ 213<br \/>\n:: Chambre triple ex\u00e9cutive US$ 290<br \/>\n:: Suite simple junior US$ 310<br \/>\n:: Suite double junior US$ 143.5<br \/>\n:: Suite simple ex\u00e9cutive US$ 365<br \/>\n:: Suite pr\u00e9sidentielle US$ 510<\/td>\n<td>\n<p style=\"text-align: center;\">Moshi &#8211; Namanga Road<\/p>\n<\/td>\n<td style=\"text-align: center;\"><a href=\"https:\/\/www.mountmeruhotel.co.tz\/\" target=\"_blank\" rel=\"noopener\">https:\/\/www.mountmeruhotel.co.tz\/<\/a><br \/>\n+255 27 297 0266 , +255 784 108 200<\/p>\n<p style=\"text-align: center;\"><a class=\"likebtn\" href=\"mailto:info@mountmeruhotel.co.tz\" target=\"_blank\" rel=\"noopener\">BOOK NOW<\/a><\/p>\n<\/td>\n<\/tr>\n<tr>\n<td style=\"text-align: left;\">Kibo Palace Hotel<br \/>\n4 &#8211; \u00c9toile<\/td>\n<td style=\"text-align: left;\">:: Chambre simple standard US$ 126.8<br \/>\n:: Standard double US$ 148.0<br \/>\n:: Suite deluxe US$ 186.8<br \/>\n:: Suite ex\u00e9cutive US$ 312.8<\/td>\n<td>\n<p style=\"text-align: center;\">Uzunguni Area,<br \/>\nOld Moshi Road<\/p>\n<\/td>\n<td style=\"text-align: center;\"><a href=\"https:\/\/kibopalacehotel.com\/\" target=\"_blank\" rel=\"noopener\">https:\/\/kibopalacehotel.com\/\u00a0<\/a><br \/>\nTel: +255 753 36 444<\/p>\n<p style=\"text-align: center;\"><a class=\"likebtn\" href=\"mailto:sales@kibopalacehotel.com\" target=\"_blank\" rel=\"noopener\">BOOK NOW<\/a><\/p>\n<\/td>\n<\/tr>\n<tr>\n<td style=\"text-align: left;\">Four Points by Sheraton<br \/>\n4 &#8211; \u00c9toile<\/td>\n<td style=\"text-align: left;\">:: Chambre double standard &#8211; US$ 145<br \/>\n:: Chambre double sup\u00e9rieure &#8211; US$ 165<br \/>\n:: Chambre deluxe sup\u00e9rieure &#8211; US$ 175<br \/>\n:: Chambre deluxe \u00ab\u00a0Club King\u00a0\u00bb &#8211; US$ 195<br \/>\n:: Chambre deluxe \u00ab\u00a0Club Premium\u00a0\u00bb &#8211; US$ 215<br \/>\n:: Suite \u00ab\u00a0Club King\u00a0\u00bb &#8211; US$ 335<br \/>\n:: Suite \u00ab\u00a0Premium Queen\u00a0\u00bb &#8211; US$ 385<\/td>\n<td style=\"text-align: right;\">\n<p style=\"text-align: center;\">\u00a0Clock Tower Roundabout<\/p>\n<\/td>\n<td>\n<p style=\"text-align: center;\"><a href=\"https:\/\/www.marriott.com\/en-us\/hotels\/jrofp-four-points-arusha-the-arusha-hotel\/overview\/\" target=\"_blank\" rel=\"noopener\">Four Points by Sheraton Arusha\u00a0<\/a><br \/>\nTel: +255 787 545 075 , +255 746 582 896<\/p>\n<p><a class=\"likebtn\" href=\"mailto:afom@fourpointsthearushahotel.com\" target=\"_blank\" rel=\"noopener\">BOOK NOW<\/a><\/td>\n<\/tr>\n<tr>\n<td style=\"text-align: left;\">Corridor Springs<br \/>\n3 &#8211; \u00c9toile<\/td>\n<td style=\"text-align: left;\">:: Single standard &#8211; US$ 50<br \/>\n:: Executive Room &#8211; US$ 70<br \/>\n:: SUIT Room &#8211; US$ 100<br \/>\n:: Double Room &#8211; US$ 80<\/td>\n<td style=\"text-align: right;\">\n<p style=\"text-align: center;\">Uzunguni Area, Ingira Road<\/p>\n<\/td>\n<td>\n<p style=\"text-align: center;\"><a href=\"https:\/\/www.corridorspringshotel.com\/\" target=\"_blank\" rel=\"noopener\">https:\/\/www.corridorspringshotel.com\/\u00a0<\/a><br \/>\nTel: +255 754 421 734<\/p>\n<p><a class=\"likebtn\" href=\"mailto:info@corridorspringshotel.com\" target=\"_blank\" rel=\"noopener\">BOOK NOW<\/a><\/td>\n<\/tr>\n<tr>\n<td style=\"text-align: left;\">Gold Crest Hotel<br \/>\n4 &#8211; \u00c9toile<\/td>\n<td style=\"text-align: left;\">:: Chambre ex\u00e9cutive simple US$ 100<br \/>\n:: Chambre ex\u00e9cutive double US$ 120<\/td>\n<td>\n<p style=\"text-align: center;\">Uzunguni Area,<br \/>\nOld Moshi Road<\/p>\n<\/td>\n<td style=\"text-align: center;\"><a href=\"https:\/\/www.goldcresthotel.com\/arusha\/\" target=\"_blank\" rel=\"noopener\">https:\/\/www.goldcresthotel.com\/arusha\/<\/a><br \/>\nTel: +255 677 014 957 , +255 677014958<\/p>\n<p style=\"text-align: center;\"><a class=\"likebtn\" href=\"mailto:info@goldcresthotel.com\" target=\"_blank\" rel=\"noopener\">BOOK NOW<\/a><\/p>\n<\/td>\n<\/tr>\n<tr>\n<td style=\"text-align: left;\">SG Premium Resort<br \/>\n3 &#8211; \u00c9toile<\/td>\n<td style=\"text-align: left;\">:: Chambre simple standard US$ 73<br \/>\n:: Chambre double standard US$ 94<br \/>\n:: Suite deluxe US$ 127.5<br \/>\n:: Suite ex\u00e9cutive US$ 170<\/td>\n<td>\n<p style=\"text-align: center;\">Moshi &#8211; Namanga Road<\/p>\n<\/td>\n<td style=\"text-align: center;\"><a href=\"https:\/\/sgresorttz.com\/\" target=\"_blank\" rel=\"noopener\">https:\/\/sgresorttz.com\/\u00a0<\/a><br \/>\nTel: +255 784 227 777<\/p>\n<p style=\"text-align: center;\"><a class=\"likebtn\" href=\"mailto:reservations@sgresorttz.com\" target=\"_blank\" rel=\"noopener\">BOOK NOW<\/a><\/p>\n<\/td>\n<\/tr>\n<tr>\n<td style=\"text-align: left;\">The African Tulip<br \/>\n4 &#8211; \u00c9toile<\/td>\n<td style=\"text-align: left;\">:: Chambre simple standard US$ 120<br \/>\n:: Chambre double US$ 150<br \/>\n:: Suite simple US$ 213<br \/>\n:: Suite Double US$ 312<\/td>\n<td>\n<p style=\"text-align: center;\">Serengeti Road<\/p>\n<\/td>\n<td>\n<p style=\"text-align: center;\"><a href=\"https:\/\/theafricantulip.co.tz\/\" target=\"_blank\" rel=\"noopener\">https:\/\/theafricantulip.co.tz\/\u00a0<\/a><br \/>\nTel: +255 699 799 873<\/p>\n<p style=\"text-align: center;\"><a class=\"likebtn\" href=\"mailto:info@theafricantulip.com\" target=\"_blank\" rel=\"noopener\">BOOK NOW<\/a><\/p>\n<\/td>\n<\/tr>\n<tr>\n<td style=\"text-align: left;\">Silver Palm<br \/>\n3 &#8211; \u00c9toile<\/td>\n<td style=\"text-align: left;\">:: Chambre simple standard US$ 60<br \/>\n:: Chambre double standard US$ 60<br \/>\n:: Chambre double US$ 65<br \/>\n:: Chambre triple US$ 100<br \/>\n:: Suite ex\u00e9cutive US$ 110<\/td>\n<td>\n<p style=\"text-align: center;\">Makao Mapya Road<\/p>\n<\/td>\n<td style=\"text-align: center;\"><a href=\"https:\/\/silverpalmhotel.com\/\" target=\"_blank\" rel=\"noopener\">https:\/\/silverpalmhotel.com\/<\/a><br \/>\nTel: +255 767 286 630<\/p>\n<p style=\"text-align: center;\"><a class=\"likebtn\" href=\"mailto:info@silverpalmhotel.com\" target=\"_blank\" rel=\"noopener\">BOOK NOW<\/a><\/p>\n<\/td>\n<\/tr>\n<tr>\n<td style=\"text-align: left;\">New Safari Hotel<br \/>\n3 &#8211; \u00c9toile<\/td>\n<td style=\"text-align: left;\">:: Chambre simple standard US$ 80<br \/>\n:: Standard double US$ 110<br \/>\n:: Chambre triple US 120<\/td>\n<td>\n<p style=\"text-align: center;\">Boma Road<\/p>\n<\/td>\n<td style=\"text-align: center;\"><a href=\"https:\/\/newsafarihotel.com\/\" target=\"_blank\" rel=\"noopener\">https:\/\/newsafarihotel.com\/\u00a0<\/a><br \/>\nTel: +255 27 2545940<\/p>\n<p style=\"text-align: center;\"><a class=\"likebtn\" href=\"mailto:reservation@newsafarihotel.com\" target=\"_blank\" rel=\"noopener\">BOOK NOW<\/a><\/p>\n<\/td>\n<\/tr>\n<tr>\n<td style=\"text-align: left;\">Palace Hotel<br \/>\n3 &#8211; \u00c9toile<\/td>\n<td style=\"text-align: left;\">:: Standard US$ 85<br \/>\n:: Chambre sup\u00e9rieure US$ 85<br \/>\n:: Chambre deluxe US$ 85<br \/>\n:: Chambre ex\u00e9cutive US$ 110<br \/>\n:: Suite US$ 127.5<\/td>\n<td>\n<p style=\"text-align: center;\">Uzunguni Area<\/p>\n<\/td>\n<td style=\"text-align: center;\"><a href=\"https:\/\/palacehotelarusha.com\/\" target=\"_blank\" rel=\"noopener\">https:\/\/palacehotelarusha.com\/\u00a0<\/a><br \/>\nTel: +255 754 885 762 , +255 27 5545800<\/p>\n<p style=\"text-align: center;\"><a class=\"likebtn\" href=\"mailto:reservations@palacehotelarusha.com\" target=\"_blank\" rel=\"noopener\">BOOK NOW<\/a><\/p>\n<\/td>\n<\/tr>\n<tr>\n<td style=\"text-align: left;\">Green Mountain Hotel<br \/>\n3 &#8211; \u00c9toile<\/td>\n<td style=\"text-align: left;\">:: Standard Single US$ 60<br \/>\n:: Chambre deluxe US$ 80<br \/>\n:: Chambre ex\u00e9cutive US$ 100<br \/>\n:: Suite ex\u00e9cutive US$ 100<\/td>\n<td>\n<p style=\"text-align: center;\">Kijenge Area<\/p>\n<\/td>\n<td style=\"text-align: center;\"><a href=\"https:\/\/greenmountainhotel.co.tz\/\" target=\"_blank\" rel=\"noopener\">https:\/\/greenmountainhotel.co.tz\/\u00a0<\/a><br \/>\nTel: +255 767 111 119<\/p>\n<p style=\"text-align: center;\"><a class=\"likebtn\" href=\"mailto:reservations@greenmountainhotel.co.tz\" target=\"_blank\" rel=\"noopener\">BOOK NOW<\/a><\/p>\n<\/td>\n<\/tr>\n<tr>\n<td style=\"text-align: left;\">Africana Grand<br \/>\n4 &#8211; \u00c9toile<\/td>\n<td style=\"text-align: left;\">:: Chambre simple standard US$ 50<br \/>\n:: Chambre deluxe US$ 60<br \/>\n:: Chambre ex\u00e9cutive US$ 85<\/td>\n<td>\n<p style=\"text-align: center;\">Makao Mapya Road<\/p>\n<\/td>\n<td style=\"text-align: center;\"><a href=\"https:\/\/www.africanagrandhotel.com\/\" target=\"_blank\" rel=\"noopener\">https:\/\/www.africanagrandhotel.com\/<\/a><br \/>\nTel: +255757080622<\/p>\n<p style=\"text-align: center;\"><a class=\"likebtn\" href=\"mailto:africanagrandhotel@gmail.com\" target=\"_blank\" rel=\"noopener\">BOOK NOW<\/a><\/p>\n<\/td>\n<\/tr>\n<tr>\n<td style=\"text-align: left;\">Kijivu Apartments<\/td>\n<td style=\"text-align: left;\">:: Single US$ 30<br \/>\n:: Double US$ 50<br \/>\n:: Entire apartment US$ 200<br \/>\n(4 rooms \/ 8 Occupants)<\/td>\n<td>\n<p style=\"text-align: center;\">Simeon Road<\/p>\n<\/td>\n<td style=\"text-align: center;\">\n<p style=\"text-align: center;\">+255 743 447 337<br \/>\nBOOK NOW<\/p>\n<\/td>\n<\/tr>\n<tr>\n<td><\/td>\n<td style=\"text-align: left;\"><\/td>\n<td><\/td>\n<td><\/td>\n<\/tr>\n<\/tbody>\n<\/table>\n<p>&nbsp;<\/p>\n<h2 style=\"text-align: left;\">7.\u00a0\u00a0\u00a0\u00a0\u00a0\u00a0\u00a0\u00a0\u00a0\u00a0\u00a0 Connexion internet et t\u00e9l\u00e9phonie mobile<\/h2>\n<p>L\u2019acc\u00e8s \u00e0 l\u2019internet sera assur\u00e9 sur le lieu de r\u00e9union gr\u00e2ce \u00e0 une connexion WiFi. Les d\u00e9l\u00e9gu\u00e9s qui souhaitent disposer d\u2019une carte SIM locale peuvent l\u2019obtenir sur place ou directement aupr\u00e8s des op\u00e9rateurs. Les op\u00e9rateurs de t\u00e9l\u00e9phonie mobile recommand\u00e9s sont Vodacom, Tigo, Airtel et Halotel, qui proposent tous des services (2G, 3G et 4G).<\/p>\n<p>&nbsp;<\/p>\n<h2 style=\"text-align: left;\">8.\u00a0\u00a0\u00a0\u00a0\u00a0\u00a0\u00a0\u00a0\u00a0\u00a0\u00a0 R\u00e9seau \u00e9lectrique<\/h2>\n<p>La tension \u00e9lectrique classique en Tanzanie est de 220 \u00e0 240 V et la fr\u00e9quence est de 50\/60 Hz. Les prises de courant sont de type G : type carr\u00e9 \u00e0 trois broches.<br \/>\n<img loading=\"lazy\" decoding=\"async\" class=\"alignnone size-medium wp-image-9069\" src=\"https:\/\/www.upap-papu.africa\/wp-content\/uploads\/2023\/07\/Glossary_type-G-electrical-plug-type-300x225.png\" alt=\"\" width=\"300\" height=\"225\" \/><\/p>\n<h2 style=\"text-align: left;\">9.\u00a0\u00a0\u00a0\u00a0\u00a0\u00a0\u00a0\u00a0\u00a0\u00a0\u00a0 Monnaie<\/h2>\n<p>La monnaie officielle de la Tanzanie et le shilling tanzanien (TZS). Les autres monnaies couramment accept\u00e9es (pour le change en shillings tanzaniens) sont les suivantes :<\/p>\n<p>1$EU = 2324,00 TZS<\/p>\n<p>1\u20ac = 2563,83 TZS<\/p>\n<p>1\u00a3 = 2901,28 TZS<\/p>\n<p>*Notez que le taux de change peut changer \u00e0 tout moment. Les taux de change actualis\u00e9s sont disponibles sur le site <a href=\"http:\/\/www.bot.go.tz\" target=\"_blank\" rel=\"noopener\">www.bot.go.tz<\/a> *.<\/p>\n<p>En outre, les taux de change sont disponibles en ligne sur le site <a href=\"http:\/\/www.xe.com\/\" target=\"_blank\" rel=\"noopener\">http:\/\/www.xe.com\/<\/a><\/p>\n<h2 style=\"text-align: left;\">10.\u00a0\u00a0\u00a0\u00a0\u00a0\u00a0\u00a0\u00a0 Informations compl\u00e9mentaires<\/h2>\n<p><strong>Fuseau horaire<\/strong> <strong>:<\/strong> La Tanzanie a une avance de trois heures sur le temps universel (TU) ou <em>\u00ab\u00a0Greenwich Mean Time\u00a0\u00bb<\/em> en anglais (GMT+3).<\/p>\n<p><strong>Num\u00e9ro \u00e0 appeler en cas d\u2019urgence :<\/strong> En cas d\u2019urgence polici\u00e8re, veuillez composer le 112<\/p>\n<p><strong><em>En cas d\u2019incendie :<\/em><\/strong> 114<\/p>\n<p><strong>Services bancaires :\u00a0\u00a0\u00a0 <\/strong>Du lundi au vendredi 08h30-15h30 et le samedi : 08h30-12h00<\/p>\n<p><strong>Commerces : <\/strong>Du lundi au vendredi : 08h00-17h00 et le samedi : 08h00-13h00<\/p>\n<p><strong>Langues officielles : <\/strong>L\u2019anglais et le swahili sont les langues officielles de la R\u00e9publique unie de Tanzanie.<\/p>\n<p id=\"tw-target-text\" class=\"tw-data-text tw-text-large tw-ta\" dir=\"ltr\" data-placeholder=\"Translation\"><strong><span class=\"Y2IQFc\" lang=\"fr\">TOUR-OP\u00c9RATEURS \u00c0 ARUSHA, TANZANIE<\/span><\/strong><\/p>\n<ul>\n<li><a href=\"https:\/\/www.tatotz.org\/members-list-2\/\" target=\"_blank\" rel=\"noopener\">https:\/\/www.tatotz.org\/members-list-2\/<\/a><\/li>\n<\/ul>\n<h2 style=\"text-align: left;\">11.\u00a0\u00a0\u00a0\u00a0\u00a0\u00a0\u00a0\u00a0 Points focaux locaux<\/h2>\n<p>Pour toute forme d\u2019assistance, notamment la d\u00e9livrance d\u2019une lettre d\u2019invitation et toute autre formalit\u00e9s, pri\u00e8re de contacter l\u2019une des personnes ci-apr\u00e8s : &#8211;<\/p>\n<ol>\n<li>Caroline Kanuti &#8211; courriel : <a href=\"mailto:caroline.kanuti@mawasiliano.go.tz\">kanuti@mawasiliano.go.tz<\/a> <a href=\"mailto:carolinekanuti@gmail.com\">carolinekanuti@gmail.com<\/a> \u2013 T\u00e9l\u00e9phone\u00a0: +255 785\u00a0304\u00a0500\u00a0;<\/li>\n<li>Cecilia Mkoba \u2013 courriel\u00a0: <a href=\"mailto:cecilia.mkoba@tcra.go.tz\">mkoba@tcra.go.tz<\/a> \u2013 T\u00e9l\u00e9phone\u00a0: +255\u00a0784\u00a0996\u00a0600\u00a0;<\/li>\n<li>Elia Madulesi \u2013 courriel\u00a0: <a href=\"mailto:elia.madulesi@posta.co.tz\">madulesi@posta.co.tz<\/a> \u2013 T\u00e9l\u00e9phone\u00a0: +255\u00a0754\u00a0655 500<\/li>\n<li>Phostine Oyuke &#8211; courriel : <a href=\"mailto:cop@papu.co.tz\">cop@papu.co.tz<\/a>; <a href=\"mailto:phofio7tho@gmail.com\">phofio7tho@gmail.com<\/a> \u2013 T\u00e9l\u00e9phone\u00a0: +255\u00a0788\u00a0551 664<\/li>\n<li>Itesi Taguaba &#8211; courriel : <a href=\"mailto:sc@papu.co.tz\">sc@papu.co.tz<\/a>; <a href=\"mailto:taguabaitesi@gmail.com\">taguabaitesi@gmail.com<\/a> \u2013 T\u00e9l\u00e9phone\u00a0: +255 755 209679<\/li>\n<\/ol>\n<p>&nbsp;<\/p>\n<p style=\"text-align: center;\"><strong><em>BIENVENUE A ARUSHA ET AGREABLE SEJOUR EN TANZANIE !!!<\/em><\/strong><\/p>\n<p id=\"tw-target-text\" class=\"tw-data-text tw-text-large tw-ta\" dir=\"ltr\" data-placeholder=\"Translation\"><a href=\"https:\/\/www.upap-papu.africa\/wp-content\/uploads\/2023\/07\/Informations-pratiques-sur-la-Tanzanie-Aout-2023.pdf\"><span class=\"Y2IQFc\" lang=\"fr\">T\u00e9l\u00e9charger le document d&rsquo;information sur le pays<\/span><\/a><\/p>\n<p>\t\t<\/p>","protected":false},"excerpt":{"rendered":"<p>D\u00e9sol\u00e9, cet article est seulement disponible en English.<\/p>\n","protected":false},"author":4,"featured_media":0,"parent":0,"menu_order":0,"comment_status":"closed","ping_status":"closed","template":"","meta":{"footnotes":""},"class_list":["post-8993","page","type-page","status-publish","hentry"],"_links":{"self":[{"href":"https:\/\/www.upap-papu.post\/fr\/wp-json\/wp\/v2\/pages\/8993"}],"collection":[{"href":"https:\/\/www.upap-papu.post\/fr\/wp-json\/wp\/v2\/pages"}],"about":[{"href":"https:\/\/www.upap-papu.post\/fr\/wp-json\/wp\/v2\/types\/page"}],"author":[{"embeddable":true,"href":"https:\/\/www.upap-papu.post\/fr\/wp-json\/wp\/v2\/users\/4"}],"replies":[{"embeddable":true,"href":"https:\/\/www.upap-papu.post\/fr\/wp-json\/wp\/v2\/comments?post=8993"}],"version-history":[{"count":0,"href":"https:\/\/www.upap-papu.post\/fr\/wp-json\/wp\/v2\/pages\/8993\/revisions"}],"wp:attachment":[{"href":"https:\/\/www.upap-papu.post\/fr\/wp-json\/wp\/v2\/media?parent=8993"}],"curies":[{"name":"wp","href":"https:\/\/api.w.org\/{rel}","templated":true}]}}