{"id":9021,"date":"2023-07-18T14:28:32","date_gmt":"2023-07-18T11:28:32","guid":{"rendered":"https:\/\/www.upap-papu.africa\/?page_id=9021"},"modified":"2023-07-18T14:28:32","modified_gmt":"2023-07-18T11:28:32","slug":"concept-note","status":"publish","type":"page","link":"https:\/\/www.upap-papu.post\/fr\/concept-note\/","title":{"rendered":"Concept Note"},"content":{"rendered":"<p>\t\t\t\t<\/p>\n<p style=\"text-align: center;\"><strong>NOTE CONCEPTUELLE :<br \/>\n<\/strong><strong>INAUGURATION DE LA TOUR UPAP ET DIALOGUE POSTAL<\/strong><\/p>\n<p style=\"text-align: center;\"><strong>\u00a0<\/strong><strong>Th\u00e8me :<br \/>\n<\/strong><strong>La Tour UPAP\u00a0: pour une transformation de la poste africaine au service des \u00e9conomies num\u00e9riques et intelligentes.<\/strong><\/p>\n<h3><strong><em>\u00a0A. <\/em><\/strong><strong>CONTEXTE<\/strong><\/h3>\n<p>L\u2019Union panafricaine des postes (UPAP), institution sp\u00e9cialis\u00e9e de l\u2019Union africaine charg\u00e9e de piloter le d\u00e9veloppement des services postaux en Afrique, se r\u00e9unira dans le cadre de la 41e session ordinaire de son Conseil d\u2019administration en pr\u00e9lude \u00e0 l\u2019inauguration le 02 Septembre 2023 de son nouvel immeuble si\u00e8ge, baptis\u00e9 la \u00ab Tour UPAP \u00bb.<\/p>\n<p>Projet r\u00e9alis\u00e9 conjointement par l\u2019UPAP et le gouvernement de la R\u00e9publique unie de Tanzanie, repr\u00e9sent\u00e9 par l\u2019Autorit\u00e9 de r\u00e9gulation des communications de Tanzanie (TCRA), dans le cadre d\u2019un montage financier respectivement de 60 % et de 40 % pour l\u2019UPAP et la TCRA, cet \u00e9difice embl\u00e9matique de 17 \u00e9tages abritera le si\u00e8ge de l\u2019organisation faiti\u00e8re du secteur postal africain.<\/p>\n<p>Au menu du programme d\u2019inauguration, figurent un \u00e9ventail riche d\u2019activit\u00e9s destin\u00e9es \u00e0 alimenter la r\u00e9flexion entre op\u00e9rateurs, r\u00e9gulateurs et ministres, qui se d\u00e9rouleront du 31 ao\u00fbt au 02 Septembre 2023 sur le th\u00e8me : <strong><em>La Tour UPAP : pour une transformation de la poste africaine au service des \u00e9conomies num\u00e9riques et intelligentes.<\/em><\/strong>\u00a0 En point d\u2019orgue de ce programme, l\u2019inauguration de la Tour UPAP se tiendra le 02 Septembre 2023, sous le tr\u00e8s haut patronage de la Pr\u00e9sidente de la R\u00e9publique unie de Tanzanie, Son Excellence Samia Suluhu Hassan.<\/p>\n<h3><strong>B. Dialogue sectoriel entre op\u00e9rateurs, r\u00e9gulateurs et partenaires postaux <\/strong><strong>(31 ao\u00fbt 2023)<\/strong><\/h3>\n<ol>\n<li><strong>Introduction<\/strong><\/li>\n<\/ol>\n<p>Le Dialogue sectoriel entre les directeurs g\u00e9n\u00e9raux des op\u00e9rateurs d\u00e9sign\u00e9s et des autorit\u00e9s de r\u00e9gulation aura lieu le 31 ao\u00fbt 2023 avec pour objet des \u00e9changes sur les grands enjeux marquants du secteur postal.<\/p>\n<p>Il s\u2019agira notamment pour les op\u00e9rateurs postaux et les autorit\u00e9s de r\u00e9gulation de faire part de leurs strat\u00e9gies sur la transformation recherch\u00e9e des services postaux \u00e0 l\u2019\u00e8re du num\u00e9rique pour en faire une v\u00e9ritable locomotive de la croissance \u00e9conomique. Par ailleurs, les partenaires seront invit\u00e9s \u00e0 se prononcer sur les perspectives de partenariat avec la poste en mati\u00e8re de prestation de services et de d\u00e9ploiement de solutions novatrices dans diff\u00e9rents secteurs d\u2019activit\u00e9 postale, notamment le commerce \u00e9lectronique, l\u2019administration en ligne, la sant\u00e9 en ligne, la philat\u00e9lie, etc.<\/p>\n<ol start=\"2\">\n<li><strong>Objectifs du Dialogue sectoriel<\/strong><\/li>\n<\/ol>\n<p>A la lumi\u00e8re de ce qui pr\u00e9c\u00e8de, ce dialogue sectoriel a pour objectifs de :<\/p>\n<ul>\n<li>partager des exp\u00e9riences sur la strat\u00e9gie postale africaine et sa mise en \u0153uvre ;<\/li>\n<li>analyser dans quelle mesure la transformation num\u00e9rique a permis de refa\u00e7onner le mod\u00e8le \u00e9conomique dans une optique de prestation de services num\u00e9riques tous azimuts ;<\/li>\n<li>pr\u00e9senter et analyser les outils num\u00e9riques essentiels d\u00e9ploy\u00e9s dans le secteur et leur incidence ;<\/li>\n<li>communiquer les strat\u00e9gies et\/ou les tactiques de migration des services classiques vers les plates-formes num\u00e9riques ;<\/li>\n<li>\u00e9valuer l\u2019utilisation du patrimoine infrastructurel et <a href=\"https:\/\/www.vapesshop.de\/product\/a-mini-cup-einweg-vape-7000-puffs-brombeere-cranberry\/\">https:\/\/www.vapesshop.de\/product\/a-mini-cup-einweg-vape-7000-puffs-brombeere-cranberry\/<\/a> les possibilit\u00e9s de le mettre au service du nouveau mod\u00e8le postal num\u00e9rique ;<\/li>\n<li>d\u00e9battre des moyens de maintenir l\u2019\u00e9quilibre du portefeuille de produits, indispensable pour assurer le flux des recettes postales ;<\/li>\n<li>examiner et \u00e9changer sur les initiatives et les pratiques en mati\u00e8re de r\u00e9gulation dans une optique de transformation num\u00e9rique.<\/li>\n<\/ul>\n<ol start=\"3\">\n<li><strong>Groupe cible<\/strong><\/li>\n<\/ol>\n<p>Au-del\u00e0 des op\u00e9rateurs, des r\u00e9gulateurs et des partenaires, ce dialogue sectoriel se veut une session interactive avec des interlocuteurs du secteur \u00e9largi, notamment des hauts fonctionnaires et d\u2019autres parties prenantes.<\/p>\n<ol start=\"4\">\n<li><strong>Format et d\u00e9roulement<\/strong><\/li>\n<\/ol>\n<p>Il est vivement recommand\u00e9 de participer en pr\u00e9sentiel, bien que des dispositions soient pr\u00e9vues pour un format hybride permettant la participation en distanciel.<\/p>\n<p>Le Dialogue se tiendra sur une journ\u00e9e en trois s\u00e9quences avec mod\u00e9rateurs et des sous-th\u00e8mes pour lesquels des orateurs feront des expos\u00e9s de 10 minutes suivis de d\u00e9bats d\u2019experts comme suit :<\/p>\n<p><strong>4.1 Panel 1 &#8211; sous-th\u00e8me : \u00ab Refonte du mod\u00e8le \u00e9conomique postale \u00e0 l\u2019\u00e8re du num\u00e9rique \u00bb<\/strong><\/p>\n<ul>\n<li>L\u2019innovation n\u2019est plus une option d\u00e9sormais pour la poste, mais plut\u00f4t une <strong>\u00ab\u00a0OBLIGATION\u00a0\u00bb<\/strong> ! Quel est le plan strat\u00e9gique national pour recadrer le secteur postal aux fins d\u2019assurer son ancrage comme acteur essentiel de l\u2019\u00e9conomie num\u00e9rique actuelle ?<\/li>\n<li>Quels sont les outils num\u00e9riques essentiels d\u00e9ploy\u00e9s et leur port\u00e9e \u00e0 ce jour ?<\/li>\n<li>Partage d\u2019exp\u00e9riences : quelles tactiques gagnantes de la transition des services classiques vers les plateformes de services num\u00e9riques ?<\/li>\n<\/ul>\n<p><strong>4.2 Panel 2 &#8211; sous-th\u00e8me : \u00ab Optimisation de l\u2019infrastructure postale gr\u00e2ce \u00e0 l\u2019innovation et la diversification \u00bb<\/strong><\/p>\n<ul>\n<li>Quel est l\u2019\u00e9tat des lieux de l\u2019infrastructure postale (couverture, installations, services, etc.) ?<\/li>\n<li>Quelles actions n\u00e9cessaires pour l\u2019am\u00e9liorer dans la perspective du nouveau mod\u00e8le postal pilot\u00e9 par le num\u00e9rique (exp\u00e9riences de r\u00e9ussite, d\u2019\u00e9checs, etc.) ?<\/li>\n<li>Dispositifs d\u2019assistance financi\u00e8re\/technique envisageables pour le d\u00e9veloppement de l\u2019infrastructure (PPP, montages financiers novateurs, etc.).<\/li>\n<\/ul>\n<p><strong>4.3 Panel 3 &#8211; sous-th\u00e8me : \u00ab R\u00e9\u00e9quilibrage de l\u2019offre postale <a href=\"https:\/\/www.fendireplica.re\/product\/fendi-22340-fashion-unisex-socks\/\">fendi 22340 fashion unisex socks<\/a> pour une activit\u00e9 plus durable \u00bb <\/strong><\/p>\n<ul>\n<li>Que faire pour multiplier les sources de revenus postaux au moyen d\u2019un portefeuille de services\/produits innovant, diversifi\u00e9 et \u00e9quilibr\u00e9 ?<\/li>\n<li>Quelles pistes pour la continuit\u00e9 op\u00e9rationnelle du secteur ?<\/li>\n<\/ul>\n<ol start=\"5\">\n<li><strong>Date &amp; lieu<\/strong><\/li>\n<\/ol>\n<p>Le Dialogue sectoriel se tiendra \u00e0 Arusha en R\u00e9publique unie de Tanzanie le 31 ao\u00fbt 2023 dans les locaux de la Tour UPAP.<\/p>\n<ol start=\"6\">\n<li><strong>Interpr\u00e9tation linguistique<\/strong><\/li>\n<\/ol>\n<p>L\u2019interpr\u00e9tation simultan\u00e9e sera assur\u00e9e en anglais et en fran\u00e7ais.<\/p>\n<h3><strong>C.Table ronde minist\u00e9rielle (01 Septembre 2023)<\/strong><\/h3>\n<ol>\n<li><strong>Introduction<\/strong><\/li>\n<\/ol>\n<p>La table ronde minist\u00e9rielle est pr\u00e9vue le 01 Septembre 2023 et portera sur le r\u00f4le essentiel des postes africaines dans le contexte de la nouvelle \u00e8re num\u00e9rique qui se profile \u00e0 travers le continent.<\/p>\n<p>Au cours de ces assises, les ministres en charge du secteur postal d\u2019Afrique auront l\u2019occasion d\u2019\u00e9changer et de partager leur vision sur le r\u00e9alignement strat\u00e9gique recherch\u00e9e de la poste \u00e0 l\u2019\u00e8re du num\u00e9rique comme moteur de la croissance \u00e9conomique et vecteur de d\u00e9veloppement socio-\u00e9conomique.<\/p>\n<ol start=\"2\">\n<li><strong>Objectifs de la Table ronde<\/strong><\/li>\n<\/ol>\n<p>A la lumi\u00e8re de ce qui pr\u00e9c\u00e8de, cette Table ronde a pour objectifs de :<\/p>\n<ul>\n<li>conforter la volont\u00e9 politique et le leadership n\u00e9cessaires pour valoriser la participation de la poste \u00e0 la r\u00e9alisation de l\u2019Agenda 2063 de l\u2019Union africaine et des Objectifs de d\u00e9veloppement durable (ODD) de l\u2019ONU en faveur d\u2019un d\u00e9veloppement socio-\u00e9conomique inclusif ;<\/li>\n<li>mettre en \u00e9vidence et identifier les d\u00e9fis majeurs et les perspectives de transformation de la poste africaine afin d\u2019assurer sa durabilit\u00e9 et sa contribution positive au d\u00e9veloppement socio-\u00e9conomique ;<\/li>\n<li>partager des exp\u00e9riences et des bonnes pratiques des pays en mati\u00e8re de lois, de politiques, de r\u00e9gulations et d\u2019initiatives postales qui favorisent l\u2019int\u00e9gration r\u00e9gionale et internationale des r\u00e9seaux postaux ;<\/li>\n<li>analyser les perspectives d\u2019investissement en vue de favoriser la participation des investisseurs priv\u00e9s dans le secteur postal africain ;<\/li>\n<li>\u00e9changer avec les partenaires postaux et partager des exp\u00e9riences sur la durabilit\u00e9, l\u2019innovation et le transfert de technologie vers le secteur postal ;<\/li>\n<li>partager les options strat\u00e9giques pour la promotion de partenariats public-priv\u00e9 et l\u2019exploitation optimale de l\u2019infrastructure postale.<\/li>\n<\/ul>\n<p>&nbsp;<\/p>\n<ol start=\"3\">\n<li><strong>Groupe cible<\/strong><\/li>\n<\/ol>\n<p>La table ronde se veut donc un dialogue interactif avec un public plus \u00e9largi, compos\u00e9 des ministres en charge de la poste, des hauts fonctionnaires du secteur, des partenaires et d\u2019autres parties prenantes.<\/p>\n<ol start=\"4\">\n<li><strong>Format et d\u00e9roulement<\/strong><\/li>\n<\/ol>\n<p>Il est vivement recommand\u00e9 de participer en pr\u00e9sentiel, bien que des dispositions soient pr\u00e9vues pour une Table ronde en format hybride permettant la participation en distanciel.<\/p>\n<p>La Table ronde se tiendra sur une journ\u00e9e en trois s\u00e9quences avec mod\u00e9rateurs, des axes d\u2019intervention et des sous-th\u00e8mes pour lesquels des orateurs feront des expos\u00e9s de 10 minutes suivis de d\u00e9bats d\u2019experts comme suit :<\/p>\n<p>&nbsp;<\/p>\n<p><strong>4.1. Panel 1 &#8211; sous-th\u00e8me : \u00ab Opportunit\u00e9s d\u2019investissement dans le secteur postal africain \u00bb<\/strong><\/p>\n<ul>\n<li>Quelles options s\u2019offrent aux autorit\u00e9s publiques pour la recapitalisation du secteur postal ?<\/li>\n<li>Comment les partenariats public-priv\u00e9 peuvent-ils pallier le d\u00e9ficit d\u2019investissement dans le secteur postal ?<\/li>\n<\/ul>\n<p><strong>4.2 Panel 2 &#8211; sous-th\u00e8me : \u00ab La transformation de la poste africaine au service du d\u00e9veloppement durable \u00bb<\/strong><\/p>\n<ul>\n<li>Comment favoriser l\u2019innovation et la transformation num\u00e9rique du secteur postal ?<\/li>\n<li>Que faire en termes de facilitation des \u00e9changes commerciaux afin de dynamiser le commerce \u00e9lectronique transfrontalier ?<\/li>\n<li>Quel est l\u2019apport des postes africaines en soutien aux initiatives de la ZLECA et comment accro\u00eetre les volumes postaux ?<\/li>\n<li>La mont\u00e9e en puissance des \u00e9conomies num\u00e9riques ouvre d\u2019immenses perspectives pour le secteur postal. Est-il pr\u00eat \u00e0 les saisir ?<\/li>\n<\/ul>\n<p><strong>4.3 Panel 3 &#8211; sous-th\u00e8me : \u00ab La poste au service d\u2019un d\u00e9veloppement socio\u00e9conomique inclusif \u00e0 l\u2019\u00e8re du num\u00e9rique \u00bb<\/strong><\/p>\n<ul>\n<li>Quel est l\u2019\u00e9tat de pr\u00e9paration de la poste \u00e0 l\u2019administration en ligne ?<\/li>\n<li>Peut-on assurer l\u2019obligation de service universel (OSU) sans pour autant fragiliser la poste ?<\/li>\n<li>Quelles actions pr\u00e9vues pour favoriser la fourniture de services \u00e9lectroniques, notamment dans les domaines de l\u2019agriculture, de la sant\u00e9 et de l\u2019\u00e9ducation, jusqu\u2019au dernier kilom\u00e8tre ?<\/li>\n<li>La poste est un acteur de l\u2019inclusion financi\u00e8re. Comment renforcer le cadre politique afin de consolider cette mission indispensable \u00e0 la r\u00e9duction de la pauvret\u00e9 en Afrique ?<\/li>\n<\/ul>\n<p><strong>NB : Le d\u00e9tail du programme de la table ronde, pr\u00e9cisant entre autres les mod\u00e9rateurs et les pan\u00e9listes, sera \u00e9tabli et communiqu\u00e9 en temps utile.<\/strong><\/p>\n<ol start=\"5\">\n<li><strong>Date &amp; lieu<\/strong><\/li>\n<\/ol>\n<p>La Table ronde minist\u00e9rielle se tiendra \u00e0 Arusha en R\u00e9publique unie de Tanzanie le 01 Septembre 2023 dans les locaux de la Tour UPAP.<\/p>\n<ol start=\"6\">\n<li><strong>Interpr\u00e9tation linguistique<\/strong><\/li>\n<\/ol>\n<p>L\u2019interpr\u00e9tation simultan\u00e9e sera assur\u00e9e en anglais et en fran\u00e7ais.<\/p>\n<h3><strong>D. Inauguration de la \u00ab Tour UPAP \u00bb <\/strong><strong>(02 Septembre 2023)<\/strong><\/h3>\n<ol>\n<li><strong>Introduction<\/strong><\/li>\n<\/ol>\n<p>Le joyau architectural dont l\u2019inauguration sera pr\u00e9sid\u00e9e par S.E. Samia Suluhu Hassan, chef de l\u2019Etat de la R\u00e9publique unie de Tanzanie, en\u00a0 pr\u00e9sence de hauts dignitaires africains et internationaux, incarne parfaitement la ferme r\u00e9solution du secteur postal \u00e0 apporter sa pierre \u00e0 la r\u00e9alisation de <strong>l\u2019Agenda 2063 de l\u2019Union africaine<\/strong>, intitul\u00e9 <strong>\u00ab\u00a0L\u2019Afrique que nous voulons\u00a0\u00bb<\/strong>, qui aspire \u00e0 <strong>\u00ab\u00a0une Afrique int\u00e9gr\u00e9e, prosp\u00e8re et pacifique, dirig\u00e9e par ses propres citoyens et repr\u00e9sentant une force dynamique sur la sc\u00e8ne internationale\u00a0\u00bb<\/strong>.<\/p>\n<p>Inspir\u00e9e de cette aspiration ardente, la Tour UPAP, \u0153uvre collective de la Communaut\u00e9 postale africaine et r\u00e9alis\u00e9e sous haute impulsion des ministres en charge des postes des \u00c9tats membres, est ancr\u00e9e dans la vision d\u2019une poste africaine modernis\u00e9e, transform\u00e9e et num\u00e9ris\u00e9e, assumant pleinement son r\u00f4le dans la nouvelle dynamique du tout num\u00e9rique qui d\u00e9ferle sur le continent. En effet, le secteur postal entend participer \u00e0 la concr\u00e9tisation des Objectifs de d\u00e9veloppement durable (ODD) de l\u2019ONU pour un d\u00e9veloppement socio-\u00e9conomique inclusif.<\/p>\n<ol start=\"2\">\n<li><strong>Groupe cible<\/strong><\/li>\n<\/ol>\n<p>A la c\u00e9r\u00e9monie d\u2019inauguration assisteront des tr\u00e8s hautes personnalit\u00e9s, dont d\u2019autres chefs d\u2019\u00c9tat africains, des ambassadeurs accr\u00e9dit\u00e9s en R\u00e9publique unie de Tanzanie, des ministres en charge des services postaux d\u2019Afrique, des pl\u00e9nipotentiaires, des dignitaires de la Commission de l\u2019Union africaine, de l\u2019Union postale universelle, des membres associ\u00e9s de l\u2019UPAP, des chefs d\u2019agences des Nations Unies, des partenaires et des amis de la poste africaine.<\/p>\n<ol start=\"3\">\n<li><strong>Format et d\u00e9roulement<\/strong><\/li>\n<\/ol>\n<p>Le programme d\u2019inauguration s\u2019articulera autour des activit\u00e9s suivantes :<\/p>\n<ul>\n<li>Discours inaugural de Son Excellence Samia Suluhu Hassan, Pr\u00e9sidente de la R\u00e9publique unie de Tanzanie ;<\/li>\n<li>Allocutions des ministres du gouvernement du pays h\u00f4te ;<\/li>\n<li>Allocution du Pr\u00e9sident de la Conf\u00e9rence de pl\u00e9nipotentiaires de l\u2019UPAP et du Secr\u00e9taire g\u00e9n\u00e9ral de l\u2019UPAP ;<\/li>\n<li>Messages de solidarit\u00e9 de la Commission de l\u2019Union africaine et du Directeur g\u00e9n\u00e9ral de l\u2019UPU ;<\/li>\n<li>Hommage et remerciements sp\u00e9ciaux aux diff\u00e9rents donateurs et sponsors ;<\/li>\n<li>Pr\u00e9sentation des timbres comm\u00e9moratifs de l\u2019\u00e9v\u00e9nement ;<\/li>\n<li>Visite guid\u00e9e de l\u2019\u00e9difice par l\u2019invit\u00e9 d\u2019honneur et les dignitaires \u00ab\u00a0VVIP\u00a0\u00bb ;<\/li>\n<li>D\u00e9voilement de la plaque inaugurale et coupure du ruban marquant l\u2019inauguration officielle de l\u2019immeuble si\u00e8ge.<\/li>\n<\/ul>\n<ol start=\"4\">\n<li><strong>Date &amp; lieu<\/strong><\/li>\n<\/ol>\n<p>L\u2019inauguration de la Tour UPAP est pr\u00e9vue le 02 Septembre 2023 \u00e0 Arusha en Tanzanie.<\/p>\n<p>5.<strong>Interpr\u00e9tation linguistique<\/strong><\/p>\n<p>L\u2019interpr\u00e9tation simultan\u00e9e sera assur\u00e9e en anglais et en fran\u00e7ais.<\/p>\n<p id=\"tw-target-text\" class=\"tw-data-text tw-text-large tw-ta\" dir=\"ltr\" data-placeholder=\"Translation\"><span class=\"Y2IQFc\" lang=\"fr\">T\u00e9l\u00e9charger le document de note conceptuelle<\/span><\/p>\n<p>\t\t<\/p>","protected":false},"excerpt":{"rendered":"<p>NOTE CONCEPTUELLE : INAUGURATION DE LA TOUR UPAP ET DIALOGUE POSTAL \u00a0Th\u00e8me : La Tour UPAP\u00a0: pour une transformation de la poste africaine au service des \u00e9conomies num\u00e9riques et intelligentes. \u00a0A. CONTEXTE L\u2019Union panafricaine des postes (UPAP), institution sp\u00e9cialis\u00e9e de l\u2019Union africaine charg\u00e9e de piloter le d\u00e9veloppement des services postaux en Afrique, se r\u00e9unira dans&#8230; <\/p>\n<div class=\"clear\"><\/div>\n<p><a href=\"https:\/\/www.upap-papu.post\/fr\/concept-note\/\" class=\"excerpt-read-more\">Read More<\/a><\/p>\n","protected":false},"author":4,"featured_media":0,"parent":0,"menu_order":0,"comment_status":"closed","ping_status":"closed","template":"","meta":{"footnotes":""},"class_list":["post-9021","page","type-page","status-publish","hentry"],"_links":{"self":[{"href":"https:\/\/www.upap-papu.post\/fr\/wp-json\/wp\/v2\/pages\/9021"}],"collection":[{"href":"https:\/\/www.upap-papu.post\/fr\/wp-json\/wp\/v2\/pages"}],"about":[{"href":"https:\/\/www.upap-papu.post\/fr\/wp-json\/wp\/v2\/types\/page"}],"author":[{"embeddable":true,"href":"https:\/\/www.upap-papu.post\/fr\/wp-json\/wp\/v2\/users\/4"}],"replies":[{"embeddable":true,"href":"https:\/\/www.upap-papu.post\/fr\/wp-json\/wp\/v2\/comments?post=9021"}],"version-history":[{"count":0,"href":"https:\/\/www.upap-papu.post\/fr\/wp-json\/wp\/v2\/pages\/9021\/revisions"}],"wp:attachment":[{"href":"https:\/\/www.upap-papu.post\/fr\/wp-json\/wp\/v2\/media?parent=9021"}],"curies":[{"name":"wp","href":"https:\/\/api.w.org\/{rel}","templated":true}]}}