{"id":9512,"date":"2023-10-08T19:43:47","date_gmt":"2023-10-08T16:43:47","guid":{"rendered":"https:\/\/www.upap-papu.africa\/?page_id=9512"},"modified":"2024-10-03T16:39:03","modified_gmt":"2024-10-03T13:39:03","slug":"world-post-day","status":"publish","type":"page","link":"https:\/\/www.upap-papu.post\/fr\/world-post-day\/","title":{"rendered":"JOURN\u00c9E MONDIALE DE LA POSTE &#8211; 2023"},"content":{"rendered":"<p>&nbsp;<\/p>\n<h2 style=\"text-align: center;\">MESSAGE DE L\u2019UPAP A L\u2019OCCASION DE LA JOURNEE MONDIALE DE LA POSTE<br \/>\n&#8212;&#8212;&#8212;&#8212;&#8212;&#8212;&#8212;&#8212;&#8212;&#8212;&#8212;&#8212;&#8212;&#8212;&#8212;&#8212;&#8212;&#8212;&#8212;-<br \/>\n9 OCTOBRE 2023<\/h2>\n<p id=\"tw-target-text\" class=\"tw-data-text tw-text-large tw-ta\" dir=\"ltr\" data-placeholder=\"Translation\" data-ved=\"2ahUKEwjwm-3b9OaBAxVx_7sIHQsrAHcQ3ewLegQIBhAQ\"><a href=\"https:\/\/www.upap-papu.post\/wp-content\/uploads\/2023\/10\/Message-SG-UPAP_french-1.pdf\"><span class=\"Y2IQFc\" lang=\"fr\">T\u00c9L\u00c9CHARGER LA D\u00c9CLARATION<\/span><\/a><\/p>\n<p><\/p>","protected":false},"excerpt":{"rendered":"<p>&nbsp; MESSAGE DE L\u2019UPAP A L\u2019OCCASION DE LA JOURNEE MONDIALE DE LA POSTE &#8212;&#8212;&#8212;&#8212;&#8212;&#8212;&#8212;&#8212;&#8212;&#8212;&#8212;&#8212;&#8212;&#8212;&#8212;&#8212;&#8212;&#8212;&#8212;- 9 OCTOBRE 2023 T\u00c9L\u00c9CHARGER LA D\u00c9CLARATION<\/p>\n","protected":false},"author":4,"featured_media":0,"parent":0,"menu_order":0,"comment_status":"closed","ping_status":"closed","template":"","meta":{"footnotes":""},"class_list":["post-9512","page","type-page","status-publish","hentry"],"_links":{"self":[{"href":"https:\/\/www.upap-papu.post\/fr\/wp-json\/wp\/v2\/pages\/9512"}],"collection":[{"href":"https:\/\/www.upap-papu.post\/fr\/wp-json\/wp\/v2\/pages"}],"about":[{"href":"https:\/\/www.upap-papu.post\/fr\/wp-json\/wp\/v2\/types\/page"}],"author":[{"embeddable":true,"href":"https:\/\/www.upap-papu.post\/fr\/wp-json\/wp\/v2\/users\/4"}],"replies":[{"embeddable":true,"href":"https:\/\/www.upap-papu.post\/fr\/wp-json\/wp\/v2\/comments?post=9512"}],"version-history":[{"count":4,"href":"https:\/\/www.upap-papu.post\/fr\/wp-json\/wp\/v2\/pages\/9512\/revisions"}],"predecessor-version":[{"id":10844,"href":"https:\/\/www.upap-papu.post\/fr\/wp-json\/wp\/v2\/pages\/9512\/revisions\/10844"}],"wp:attachment":[{"href":"https:\/\/www.upap-papu.post\/fr\/wp-json\/wp\/v2\/media?parent=9512"}],"curies":[{"name":"wp","href":"https:\/\/api.w.org\/{rel}","templated":true}]}}