{"id":9843,"date":"2024-05-01T13:06:23","date_gmt":"2024-05-01T10:06:23","guid":{"rendered":"https:\/\/www.upap-papu.africa\/?page_id=9843"},"modified":"2025-05-22T12:09:25","modified_gmt":"2025-05-22T09:09:25","slug":"42nd-session-of-the-administrative-council","status":"publish","type":"page","link":"https:\/\/www.upap-papu.post\/fr\/42nd-session-of-the-administrative-council\/","title":{"rendered":"42nd Ordinary Session of the Administrative Council &#8211; 2024"},"content":{"rendered":"<p>J\u2019ai l\u2019honneur de porter \u00e0 votre connaissance, par le pr\u00e9sent avis, qu\u2019aux termes de l\u2019article 12 (3) de la Convention de l\u2019UPAP (r\u00e9vis\u00e9e en 2018) et conform\u00e9ment \u00e0 l\u2019article premier du r\u00e8glement int\u00e9rieur du Conseil d\u2019administration de l\u2019Union, la 42<sup>\u00e8me<\/sup> session ordinaire du Conseil d&rsquo;administration de l&rsquo;Union panafricaine des postes se tiendra, au si\u00e8ge de l\u2019Union, \u00e0 Arusha, en R\u00e9publique Unie de Tanzanie. Les r\u00e9unions des Commissions administratives et techniques commenceront le 3 juin 2024 et la session proprement dite se tiendra du 11 au 12 juin 2024 pour traiter les questions \u00e0 son ordre du jour.<\/p>\n<hr \/>\n<ul>\n<li><a href=\"https:\/\/forms.gle\/c2RfrgZLtdfFV9nb7\" target=\"_blank\" rel=\"noopener noreferrer\">FORMULAIRE D&rsquo;INSCRIPTION<\/a><\/li>\n<li><a href=\"https:\/\/www.upap-papu.post\/wp-content\/uploads\/2024\/05\/INFORMATIONS_SUR_LE_PAYS.pdf\" target=\"_blank\" rel=\"noopener noreferrer\">INFORMATIONS SUR LE PAYS<\/a><\/li>\n<li><a href=\"https:\/\/www.upap-papu.post\/list-of-hotels\/\" target=\"_blank\" rel=\"noopener noreferrer\"><span class=\"Y2IQFc\" lang=\"fr\">LISTE DES H\u00d4TEL<\/span><\/a><\/li>\n<li><a href=\"https:\/\/www.upap-papu.africa\/wp-content\/uploads\/2024\/05\/013-Circulaire_Avis-convocation-de-la-42e-sess-ordi-du-CA-UPAP-en-Juin-2024.pdf\" target=\"_blank\" rel=\"noopener noreferrer\">PROGRAMME DE LA C\u00c9R\u00c9MONIE<\/a><\/li>\n<\/ul>\n<hr \/>\n<div class=\"gdlr-shortcode-wrapper\"><div class=\"gdlr-item gdlr-accordion-item style-1\"  ><div class=\"accordion-tab active\" ><h4 class=\"accordion-title\" ><i class=\"icon-minus fa fa-minus\" ><\/i><span>DOCUMENTS DES REUNIONS DES COMMISSIONS TECHNIQUES<\/span><\/h4><div class=\"accordion-content\"><table class=\"style-1\">\n<tbody>\n<tr>\n<th style=\"text-align: left;\"><span style=\"font-family: inherit; font-size: inherit;\">\u00a0\u25ca <strong>COMMISSION EXPLOITATION ET TECHNOLOGIES\u00a0<\/strong><\/span><\/th>\n<th><\/th>\n<\/tr>\n<tr>\n<td style=\"text-align: left;\">:: <a href=\"https:\/\/www.upap-papu.post\/wp-content\/uploads\/2024\/05\/CET-2024-Doc-N01-Projet-dordre-du-jour.pdf\" target=\"_blank\" rel=\"noopener noreferrer\">PROJET D&rsquo;ORDRE DU JOUR<\/a><br \/>\n:: <a href=\"https:\/\/www.upap-papu.post\/wp-content\/uploads\/2024\/05\/CET_2024_Doc.zip\">DOCUMENTS<\/a><br \/>\n:: <a href=\"https:\/\/www.upap-papu.post\/wp-content\/uploads\/2024\/06\/42\u00e8me-CA-2024-Doc-N\u00b006-Rapport-de-la-Comm-Exploitation-Tech-June-2024-Final.pdf\" target=\"_blank\" rel=\"noopener noreferrer\">RAPPORT<\/a><\/td>\n<td><\/td>\n<\/tr>\n<tr>\n<td style=\"text-align: left;\"><\/td>\n<td><\/td>\n<\/tr>\n<tr>\n<th style=\"text-align: left;\"><strong><span style=\"font-family: inherit; font-size: inherit;\">\u00a0\u25ca COMMISSION\u00a0FINANCES ET DE L\u2019ADMINISTRATION<\/span><\/strong><\/th>\n<th><\/th>\n<\/tr>\n<tr>\n<td style=\"text-align: left;\">:: <a href=\"https:\/\/www.upap-papu.post\/wp-content\/uploads\/2024\/05\/CFA-Doc-N\u00b001-Projet-dordre-du-jour.pdf\" target=\"_blank\" rel=\"noopener noreferrer\">PROJET D&rsquo;ORDRE DU JOUR<\/a><br \/>\n:: <a href=\"https:\/\/www.upap-papu.post\/wp-content\/uploads\/2024\/06\/CFA-Documents-french.zip\">DOCUMENTS<\/a><br \/>\n:: <a href=\"https:\/\/www.upap-papu.post\/wp-content\/uploads\/2024\/06\/french_docs.zip\" target=\"_blank\" rel=\"noopener noreferrer\">RAPPORT<\/a><\/td>\n<td><\/td>\n<\/tr>\n<tr>\n<td style=\"text-align: left;\"><\/td>\n<td><\/td>\n<\/tr>\n<tr>\n<th style=\"text-align: left;\"><strong><span style=\"font-family: inherit; font-size: inherit;\">\u00a0\u25ca COMMISSION POLITIQUE ET REGULATION<\/span><\/strong><\/th>\n<th><\/th>\n<\/tr>\n<tr>\n<td style=\"text-align: left;\">:: <a href=\"https:\/\/www.upap-papu.post\/wp-content\/uploads\/2024\/05\/PROJET-DORDRE-DU-JOUR-Rev1-fr.pdf\" target=\"_blank\" rel=\"noopener noreferrer\">PROJET D&rsquo;ORDRE DU JOUR<\/a><br \/>\n:: <a href=\"https:\/\/www.upap-papu.post\/wp-content\/uploads\/2024\/05\/RAPPORT-DU-GROUPE-DE-TRAVAIL-SUR-LE-RENFORCEMENT-DE-LA-REGULATION-f.zip\">RAPPORT DU GROUPE DE TRAVAIL SUR LE RENFORCEMENT DE LA REGULATION<\/a><br \/>\n:: <a href=\"https:\/\/www.upap-papu.post\/wp-content\/uploads\/2024\/05\/RAPPORT-DU-GROUPE-DE-TRAVAIL-HARMONISATION-DES-CADRES-POLITIQUES-ET-JURIDIQUES-french.zip\">RAPPORT DU GROUPE DE TRAVAIL HARMONISATION DES CADRES POLITIQUES ET \u00a0JURIDIQUES<\/a><br \/>\n:: <a href=\"https:\/\/www.upap-papu.post\/wp-content\/uploads\/2024\/06\/RAPPORT-DE-LA-COMMISSION-POLITIQUE-ET-REGULATION-3.pdf\" target=\"_blank\" rel=\"noopener noreferrer\">RAPPORT<\/a><\/td>\n<td><\/td>\n<\/tr>\n<tr>\n<td><\/td>\n<td><\/td>\n<\/tr>\n<tr>\n<th style=\"text-align: left;\"><strong><span style=\"font-family: inherit; font-size: inherit;\">\u00a0\u25ca COMMISSION STRATEGIE\u00a0<\/span><\/strong><\/th>\n<th><\/th>\n<\/tr>\n<tr>\n<td style=\"text-align: left;\">:: <a href=\"https:\/\/www.upap-papu.post\/wp-content\/uploads\/2024\/06\/CS-01-2024-Doc-N\u00b001-Ordre-du-jour-Final.pdf\" target=\"_blank\" rel=\"noopener noreferrer\">PROJET D&rsquo;ORDRE DU JOUR<\/a><br \/>\n:: <a href=\"https:\/\/www.upap-papu.post\/wp-content\/uploads\/2024\/06\/Strategy_2024_french.zip\">DOCUMENTS<\/a><br \/>\n:: <a href=\"https:\/\/www.upap-papu.post\/wp-content\/uploads\/2024\/06\/strategy_report_french.zip\">RAPPORT<\/a><\/td>\n<td><\/td>\n<\/tr>\n<tr>\n<td style=\"text-align: left;\"><\/td>\n<td><\/td>\n<\/tr>\n<\/tbody>\n<\/table>\n<\/div><\/div><div class=\"accordion-tab\" ><h4 class=\"accordion-title\" ><i class=\"icon-plus fa fa-plus\" ><\/i><span>DIALOGUE POSTAL (FORUM DES DIRIGEANTS POSTAUX \/ FORUM DES REGULATEURS)<\/span><\/h4><div class=\"accordion-content\"><p><a href=\"https:\/\/www.upap-papu.post\/wp-content\/uploads\/2024\/06\/Dialogue-postal-Projet-de-programme-des-Forums-des-DG-et-R\u00e9gulateurs-postaux-Rev-2.pdf\" target=\"_blank\" rel=\"noopener noreferrer\">PROGRAMME<\/a><\/p>\n<\/div><\/div><div class=\"accordion-tab\" ><h4 class=\"accordion-title\" ><i class=\"icon-plus fa fa-plus\" ><\/i><span>PL\u00c9NI\u00c8RE DE LA SESSION ORDINAIRE DU CONSEIL D\u2019ADMINISTRATION<\/span><\/h4><div class=\"accordion-content\"><p>:: <a href=\"https:\/\/www.upap-papu.post\/wp-content\/uploads\/2024\/06\/42\u00e8me-CA-Ouverture-11-JUIN-2024-1.pdf\" target=\"_blank\" rel=\"noopener noreferrer\">PROGRAMME OFFICIEL DE LA CEREMONIE<\/a><br \/>\n:: <a href=\"https:\/\/www.upap-papu.post\/wp-content\/uploads\/2024\/06\/42\u00e8me-CA-2024-Doc-N\u00b001-Projet-dordre-du-jour-Arusha-Juin-2024-Rev2-1.pdf\" target=\"_blank\" rel=\"noopener noreferrer\">PROJET D\u2019ORDRE DU JOUR<\/a><br \/>\n:: <a href=\"https:\/\/www.upap-papu.post\/wp-content\/uploads\/2024\/06\/42\u00e8me-CA-2024-Doc-N\u00b001a-Annexe-Projet-de-Prog-de-travail-Arusha-Rev2-1.pdf\" target=\"_blank\" rel=\"noopener noreferrer\">PROGRAMME DE TRAVAIL<\/a><br \/>\n:: <a href=\"https:\/\/www.upap-papu.post\/wp-content\/uploads\/2024\/06\/42e-session-ordinaire-du-CA-de-lUPAP_Rapport-de-la-Pr\u00e9sidente-2024.pdf\">RAPPORT DE LA PR\u00c9SIDENTE DU CONSEIL D\u2019ADMINISTRATION<\/a><br \/>\n:: <a href=\"https:\/\/www.upap-papu.post\/wp-content\/uploads\/2024\/06\/42\u00e8me-CA-2024-Doc-N\u00b005-Rapport-dactivit\u00e9s-du-SG-Consolid\u00e9-Final-11.06.2024.pdf\" target=\"_blank\" rel=\"noopener noreferrer\">RAPPORT D\u2019ACTIVITES DU SECRETARIAT GENERAL <\/a><br \/>\n::\u00a0<a href=\"https:\/\/www.upap-papu.post\/wp-content\/uploads\/2024\/06\/Rapport-du-Forum-des-dirigeants-postaux-africains-2024.pdf\" target=\"_blank\" rel=\"noopener noreferrer\">DECLARATION DU FORUM DES DIRIGEANTS POSTAUX AFRICAINS<\/a><br \/>\n::\u00a0<span class=\"Y2IQFc\" lang=\"fr\"><a href=\"https:\/\/www.upap-papu.post\/wp-content\/uploads\/2024\/06\/DECLARATION-DU-6\u00e8me-FORUM-DES-OPERATEURS-POSTAUX-1.pdf\">D\u00c9CLARATION DES PARTICIPANTS AU COURS DU 6\u00c8ME FORUM DES R\u00c9GULATEURS <\/a><br \/>\n<a href=\"https:\/\/www.upap-papu.post\/wp-content\/uploads\/2024\/06\/DECLARATION-DU-6\u00e8me-FORUM-DES-OPERATEURS-POSTAUX-1.pdf\">POSTAUX AFRICAINS<\/a><br \/>\n<\/span>::\u00a0<a href=\"https:\/\/www.upap-papu.post\/wp-content\/uploads\/2024\/06\/final_communique_fr.pdf\" target=\"_blank\" rel=\"noopener noreferrer\">COMMUNIQUE FINAL<\/a><br \/>\n:: <a href=\"https:\/\/www.upap-papu.post\/wp-content\/uploads\/2024\/06\/Vote_of_thanks_fr.pdf\" target=\"_blank\" rel=\"noopener noreferrer\">MOTION DE REMERCIEMENTS <\/a><br \/>\n::\u00a0<a href=\"https:\/\/www.upap-papu.post\/wp-content\/uploads\/2024\/06\/42eme_CA-2024_Doc_N\u00b009a_Document_de_position_de_lUPAP_sur_la_strategie_de_lUPU_2025-2029-FR.pdf\" target=\"_blank\" rel=\"noopener noreferrer\">DOCUMENT DE POSITION DE L\u2019UPAP SUR LA STRATEGIE DE L\u2019UPU 2026-2029<\/a><\/p>\n<p><strong>RAPPORT<\/strong><br \/>\n::\u00a0<a href=\"https:\/\/www.upap-papu.post\/wp-content\/uploads\/2024\/06\/42\u00e8me-CA-2024-Doc-N\u00b006-Rapport-de-la-Comm-Exploitation-Tech-June-2024-Final.pdf\" target=\"_blank\" rel=\"noopener noreferrer\">RAPPORT DE LA COMMISSION EXPLOITATION ET TECHNOLOGIES<\/a><br \/>\n:: <a href=\"https:\/\/www.upap-papu.post\/wp-content\/uploads\/2024\/06\/french_docs.zip\">RAPPORT DE LA COMMISSION FINANCES ET ADMINISTRATION<\/a><br \/>\n:: <a href=\"https:\/\/www.upap-papu.post\/wp-content\/uploads\/2024\/06\/RAPPORT-DE-LA-COMMISSION-POLITIQUE-ET-REGULATION-3.pdf\" target=\"_blank\" rel=\"noopener noreferrer\">RAPPORT DE LA COMMISSION POLITIQUE ET REGULATION<\/a><br \/>\n:: <a href=\"https:\/\/www.upap-papu.post\/wp-content\/uploads\/2024\/06\/strategy_report_french.zip\">RAPPORT DE LA COMMISSION STRATEGIE<\/a><\/p>\n<\/div><\/div><div class=\"accordion-tab\" ><h4 class=\"accordion-title\" ><i class=\"icon-plus fa fa-plus\" ><\/i><span>TABLE RONDE R\u00c9GIONALE POUR L\u2019\u00c9LABORATION DE LA STRAT\u00c9GIE DE L\u2019UPU<\/span><\/h4><div class=\"accordion-content\"><p><a href=\"https:\/\/www.upap-papu.post\/wp-content\/uploads\/2024\/06\/RSF24-Program-Africa-Fr.pdf\" target=\"_blank\" rel=\"noopener noreferrer\">PROGRAMME<\/a><\/p>\n<\/div><\/div><\/div><\/div>\n<p><\/p>","protected":false},"excerpt":{"rendered":"","protected":false},"author":4,"featured_media":0,"parent":0,"menu_order":0,"comment_status":"closed","ping_status":"closed","template":"","meta":{"footnotes":""},"class_list":["post-9843","page","type-page","status-publish","hentry"],"_links":{"self":[{"href":"https:\/\/www.upap-papu.post\/fr\/wp-json\/wp\/v2\/pages\/9843"}],"collection":[{"href":"https:\/\/www.upap-papu.post\/fr\/wp-json\/wp\/v2\/pages"}],"about":[{"href":"https:\/\/www.upap-papu.post\/fr\/wp-json\/wp\/v2\/types\/page"}],"author":[{"embeddable":true,"href":"https:\/\/www.upap-papu.post\/fr\/wp-json\/wp\/v2\/users\/4"}],"replies":[{"embeddable":true,"href":"https:\/\/www.upap-papu.post\/fr\/wp-json\/wp\/v2\/comments?post=9843"}],"version-history":[{"count":7,"href":"https:\/\/www.upap-papu.post\/fr\/wp-json\/wp\/v2\/pages\/9843\/revisions"}],"predecessor-version":[{"id":11307,"href":"https:\/\/www.upap-papu.post\/fr\/wp-json\/wp\/v2\/pages\/9843\/revisions\/11307"}],"wp:attachment":[{"href":"https:\/\/www.upap-papu.post\/fr\/wp-json\/wp\/v2\/media?parent=9843"}],"curies":[{"name":"wp","href":"https:\/\/api.w.org\/{rel}","templated":true}]}}